{"id":10228,"date":"2025-01-13T21:13:30","date_gmt":"2025-01-13T21:13:30","guid":{"rendered":"https:\/\/epi-ups.com.tr\/product\/mtn-plus-series-1-3kva\/"},"modified":"2025-02-22T18:21:03","modified_gmt":"2025-02-22T18:21:03","slug":"mtn-plus-series-1-3kva","status":"publish","type":"product","link":"https:\/\/epi-ups.com.tr\/tr\/product\/mtn-plus-series-1-3kva\/","title":{"rendered":"MTN Plus Series 1-3KVA"},"content":{"rendered":"<p><strong>MTN Plus Serisi (1-3KVA)<\/strong><br \/>\n<strong>Tek Fazl\u0131, \u00c7ift D\u00f6n\u00fc\u015f\u00fcml\u00fc \u00c7evrimi\u00e7i (VFI)<\/strong><\/p>\n<p><strong>\u00dcr\u00fcn<\/strong><\/p>\n<p>MTN Plus Serisi, 0,9 (1\/1) \u00e7\u0131k\u0131\u015f g\u00fc\u00e7 fakt\u00f6r\u00fcne ve \u201cs\u0131f\u0131r\u201d aktar\u0131m s\u00fcresine sahip bir dizi ON-LINE \u00e7ift D\u00f6n\u00fc\u015f\u00fcm teknolojili UPS&#8217;dir, y\u00fck her zaman elektriksel parazit i\u00e7ermeyen ger\u00e7ek sin\u00fczoidal voltaj sa\u011flayan invert\u00f6r taraf\u0131ndan beslenir.<\/p>\n<p>Y\u00dcKSEK G\u00dcVENI\u0307LI\u0307RLI\u0307K<\/p>\n<p>MTN Plus Serisi, en y\u00fcksek d\u00fczeyde kullan\u0131labilirlik ve g\u00fcvenilirlik ile y\u00fcksek kaliteli g\u00fc\u00e7 kayna\u011f\u0131 sunar MTN Plus Serisi, \u00f6zellikle PC, \u0130\u015f \u0130stasyonu, A\u011f gibi temel ekipmanlar i\u00e7in kompakt ve kullan\u0131c\u0131lar i\u00e7in \u00e7ok uygundur<br \/>\nmerkezleri, ileti\u015fim ekipmanlar\u0131 ve di\u011fer kritik sistemler.<\/p>\n<p>UZATILMI\u015e YEDEKLEME S\u00dcRESI<\/p>\n<p>UPS&#8217;in yedekleme s\u00fcresini art\u0131rmak i\u00e7in ak\u00fc geni\u015fletmesi m\u00fcmk\u00fcnd\u00fcr. Daha uzun yedekleme s\u00fcresi i\u00e7in, dahili bataryas\u0131 olmayan ancak g\u00fc\u00e7l\u00fc batarya \u015farj cihaz\u0131na sahip MTN Plus \u201cL\u201d versiyonu mevcuttur.<\/p>\n<p>TELEFON HATTININ KORUNMASI<\/p>\n<p>MTN Plus Serisi, telefon veya a\u011f hatt\u0131n\u0131n herhangi bir a\u015f\u0131r\u0131 gerilime kar\u015f\u0131 korunmas\u0131n\u0131 garanti etmek i\u00e7in RJ45\/RJ11 soketiyle birlikte gelir<\/p>\n<p>OTOMATIK YENIDEN BA\u015eLATMA<\/p>\n<p>UPS, uzun s\u00fcreli elektrik kesintisinin ard\u0131ndan yedekleme s\u00fcresinin bitmesi nedeniyle kapat\u0131ld\u0131ktan sonra \u015febeke geri geldi\u011finde otomatik olarak yeniden ba\u015flat\u0131lacak \u015fekilde programlanm\u0131\u015ft\u0131r.<\/p>\n<p>\u0130LET\u0130\u015e\u0130M<\/p>\n<p>MTN Serisi, ana ileti\u015fim se\u00e7ene\u011fiyle uyumlu hale getiren iste\u011fe ba\u011fl\u0131 ileti\u015fim kart\u0131 i\u00e7in bir geni\u015fletme yuvas\u0131 ile birlikte gelir: SNMP ve Kuru kontak kart\u0131.<\/p>\n<p>\u00d6ZELL\u0130KLER:<\/p>\n<p>&#8211; Ger\u00e7ek On-line \u00e7ift d\u00f6n\u00fc\u015ft\u00fcrme teknolojisi<br \/>\n&#8211; IGBT PFC teknolojisi<br \/>\n&#8211; Geni\u015f giri\u015f voltaj aral\u0131\u011f\u0131<br \/>\n&#8211; So\u011fuk sta<\/p>\n","protected":false},"excerpt":{"rendered":"<p>MTN Plus Serisi (1-3KVA) Tek Fazl\u0131, \u00c7ift D\u00f6n\u00fc\u015f\u00fcml\u00fc \u00c7evrimi\u00e7i (VFI) \u00dcr\u00fcn MTN Plus Serisi, 0,9 (1\/1) \u00e7\u0131k\u0131\u015f g\u00fc\u00e7 fakt\u00f6r\u00fcne ve<\/p>\n","protected":false},"featured_media":10230,"comment_status":"open","ping_status":"closed","template":"","meta":[],"product_cat":[157,179,155],"product_tag":[],"class_list":{"0":"post-10228","1":"product","2":"type-product","3":"status-publish","4":"has-post-thumbnail","6":"product_cat-online-ups-tr","7":"product_cat-uninteruptible-power-supply-tr","8":"product_cat-ups-tr","10":"first","11":"instock","12":"shipping-taxable","13":"product-type-simple"},"_links":{"self":[{"href":"https:\/\/epi-ups.com.tr\/tr\/wp-json\/wp\/v2\/product\/10228","targetHints":{"allow":["GET"]}}],"collection":[{"href":"https:\/\/epi-ups.com.tr\/tr\/wp-json\/wp\/v2\/product"}],"about":[{"href":"https:\/\/epi-ups.com.tr\/tr\/wp-json\/wp\/v2\/types\/product"}],"replies":[{"embeddable":true,"href":"https:\/\/epi-ups.com.tr\/tr\/wp-json\/wp\/v2\/comments?post=10228"}],"wp:featuredmedia":[{"embeddable":true,"href":"https:\/\/epi-ups.com.tr\/tr\/wp-json\/wp\/v2\/media\/10230"}],"wp:attachment":[{"href":"https:\/\/epi-ups.com.tr\/tr\/wp-json\/wp\/v2\/media?parent=10228"}],"wp:term":[{"taxonomy":"product_cat","embeddable":true,"href":"https:\/\/epi-ups.com.tr\/tr\/wp-json\/wp\/v2\/product_cat?post=10228"},{"taxonomy":"product_tag","embeddable":true,"href":"https:\/\/epi-ups.com.tr\/tr\/wp-json\/wp\/v2\/product_tag?post=10228"}],"curies":[{"name":"wp","href":"https:\/\/api.w.org\/{rel}","templated":true}]}}