{"id":10225,"date":"2025-01-13T21:15:10","date_gmt":"2025-01-13T21:15:10","guid":{"rendered":"https:\/\/epi-ups.com.tr\/product\/mtr-sm-5-20kva\/"},"modified":"2025-02-22T18:26:47","modified_gmt":"2025-02-22T18:26:47","slug":"mtr-sm-5-20kva","status":"publish","type":"product","link":"https:\/\/epi-ups.com.tr\/tr\/product\/mtr-sm-5-20kva\/","title":{"rendered":"MTR SM, 5-20kVA"},"content":{"rendered":"<p><strong>MTR-SM<\/strong><br \/>\n<strong>\u00c7evrimi\u00e7i Mod\u00fcler UPS<\/strong><br \/>\n<strong>5 \u201320kVA (220V\/230V\/240V)<\/strong><br \/>\n<strong>Dahili S\u0131cak De\u011fi\u015ftirilebilir Pil<\/strong><\/p>\n<p><strong>\u00dcr\u00fcn<\/strong><\/p>\n<p>RM20\/5E serisi, s\u0131cak de\u011fi\u015ftirilebilir pile sahip mod\u00fcler \u00e7evrimi\u00e7i UPS&#8217;lerdir. 5kVA&#8217;dan 20kVA&#8217;ya kadar tek kabin g\u00fc\u00e7 derecesi, 3\/1 ve 1\/1&#8217;lik esnek yap\u0131land\u0131rmas\u0131, kompakt yap\u0131s\u0131 ile k\u00fc\u00e7\u00fck veri merkezleri ve hassas elektronikler i\u00e7in ideal se\u00e7imdir, sunucuyla entegre edilmesi kolayd\u0131r. Y\u00fcksek g\u00fc\u00e7 fakt\u00f6r\u00fc ve m\u00fckemmel a\u015f\u0131r\u0131 y\u00fck kapasitesi ile RM3120\/05D, g\u00fc\u00e7 kullan\u0131m\u0131n\u0131n verimlili\u011fini art\u0131r\u0131r ve sistemin sabit \u00e7al\u0131\u015fmas\u0131n\u0131 sa\u011flar.<\/p>\n<p>\u00dcr\u00fcn\u00fcn i\u015flevi genel UPS ile ayn\u0131d\u0131r, yani \u015febeke g\u00fcc\u00fc iki kez d\u00f6n\u00fc\u015ft\u00fcr\u00fcl\u00fcr ve ard\u0131ndan y\u00fcke saf sin\u00fcs dalgas\u0131 g\u00fc\u00e7 kayna\u011f\u0131 \u00e7\u0131k\u0131\u015f\u0131 verir. \u015eebeke g\u00fcc\u00fc anormal oldu\u011funda, UPS g\u00fc\u00e7 kayna\u011f\u0131n\u0131 ak\u00fcye aktararak y\u00fck\u00fcn kesintisiz g\u00fc\u00e7 beslemesini sa\u011flar. T\u00fcm \u00fcr\u00fcn, birden fazla \u00fcnitenin paralel ba\u011flant\u0131s\u0131n\u0131 destekleyen ve g\u00fc\u00e7 kayna\u011f\u0131n\u0131n g\u00fcvenilirli\u011fini art\u0131ran tam bir kule tipi mod\u00fcler UPS sistemidir. Bu mod\u00fcler UPS \u00fcr\u00fcn\u00fc esas olarak k\u00fc\u00e7\u00fck ve orta \u00f6l\u00e7ekli sunucu odalar\u0131na y\u00f6neliktir.<\/p>\n<p>G\u00fc\u00e7 Mod\u00fclleri<\/p>\n<p>2U y\u00fcksekli\u011findeki 5kVA&#8217;l\u0131k s\u0131cak de\u011fi\u015ftirilebilir g\u00fc\u00e7 mod\u00fcl\u00fc, bak\u0131m, kurulum ve g\u00fc\u00e7 geni\u015fletmeyi kolayla\u015ft\u0131r\u0131r. Tek kabin 1 ila 6 g\u00fc\u00e7 mod\u00fcl\u00fc i\u00e7erir, 6 mod\u00fcl tak\u0131ld\u0131\u011f\u0131nda 2 yedek mod\u00fcle sahiptir. Sistem y\u00fcksek \u00f6l\u00e7eklenebilirli\u011fe sahiptir. 20kVA&#8217;dan 60kVA&#8217;ya kadar yap\u0131land\u0131r\u0131labilen paralel 3 \u00fcnite.<\/p>\n<p>Ak\u00fc Mod\u00fclleri<\/p>\n<p>RM20\/05D kabini, daha uzun yedekleme s\u00fcresi sa\u011flayabilen 10 ak\u00fc mod\u00fcl\u00fc i\u00e7erir. Yeni teknolojiyle, tek fazl\u0131 giri\u015f ve tek fazl\u0131 \u00e7\u0131k\u0131\u015f mod\u00fcler UPS i\u00e7in ortak ak\u00fc paketi mevcuttur ve g\u00fc\u00e7 kayna\u011f\u0131n\u0131n g\u00fcvenilirli\u011fini art\u0131r\u0131r.<\/p>\n<p>5. 2&#8217;ye kadar ekstra ak\u00fc kabinini paralel ba\u011flay\u0131n, her birinde 9 grup ak\u00fc mod\u00fcl\u00fc bulunur. 6. Ger\u00e7ek zamanl\u0131 veri g\u00f6r\u00fcnt\u00fcleme, her mod\u00fcl\u00fcn voltaj\u0131, ak\u0131m\u0131, s\u0131cakl\u0131\u011f\u0131 vb. LCD ekranda g\u00f6sterilerek m\u00fc\u015fterilere i\u00e7 durum hakk\u0131nda bir g\u00f6r\u00fcn\u00fcm sa\u011flan\u0131r.<br \/>\n7. Termal anormallik tespiti i\u00e7in kapsaml\u0131 izleme, her mod\u00fcl s\u0131cakl\u0131k, \u00e7al\u0131\u015fma durumu ve sigorta durumu tespit fonksiyonu ile donat\u0131lm\u0131\u015ft\u0131r.<br \/>\n8. Her pil mod\u00fcl\u00fcnde 72V pil voltaj\u0131na sahip seri halde 6 h\u00fccre, 144V voltaja sahip seri halde iki pil mod\u00fcl\u00fc bulunur, pil mod\u00fcl\u00fcnde N teli yoktur, sadece BAT+ ve BAT- vard\u0131r.<\/p>\n<p>\u00d6zellikler<\/p>\n<p>\u2022 Y\u00fcksek verimlilik, %94,5&#8217;ten fazla<br \/>\n\u2022 De\u011fi\u015ftirilebilir g\u00fc\u00e7 mod\u00fcl\u00fc ve batarya ile mod\u00fcler tasar\u0131m<br \/>\n\u2022 Raf mod\u00fcler tasar\u0131m\u0131, 19\u201d standart raf kabiniyle uyumludur, sunucuyla entegre edilmesi kolayd\u0131r<br \/>\n\u2022 Esnek yap\u0131land\u0131rma, 3 paralel \u00fcniteyi destekler, 5kVA&#8217;ya dayal\u0131 olarak, de\u011fer kayb\u0131 olmadan 3\/1 ve 1\/1 olarak yap\u0131land\u0131r\u0131labilir<br \/>\n\u2022 G\u00fc\u00e7 geni\u015fletme ve yedekleme s\u00fcresi geni\u015fletme i\u00e7in kolay<br \/>\n\u2022 Grafik ekranl\u0131 7\u201d dokunmatik renkli LCD ile kullan\u0131c\u0131 dostu aray\u00fcz, daha fazla bilgi g\u00f6r\u00fcnt\u00fclenir ve kullan\u0131m\u0131 daha kolayd\u0131r<br \/>\n\u2022 Sistemin g\u00fcvenli ve g\u00fcvenilir batarya paketi i\u00e7in ak\u0131ll\u0131 koruma ve izleme teknolojisi<br \/>\n\u2022 K\u00fc\u00e7\u00fck veri odas\u0131 merkezi i\u00e7in eksiksiz \u00e7\u00f6z\u00fcm<br \/>\n\u2022 \u00d6l\u00e7eklenebilirlik, ihtiya\u00e7 duyuldu\u011funda g\u00fc\u00e7 kapasitesinin veya batarya mod\u00fcllerinin uygun maliyetli bir \u015fekilde eklenmesine olanak tan\u0131r<\/p>\n","protected":false},"excerpt":{"rendered":"<p>MTR-SM \u00c7evrimi\u00e7i Mod\u00fcler UPS 5 \u201320kVA (220V\/230V\/240V) Dahili S\u0131cak De\u011fi\u015ftirilebilir Pil \u00dcr\u00fcn RM20\/5E serisi, s\u0131cak de\u011fi\u015ftirilebilir pile sahip mod\u00fcler \u00e7evrimi\u00e7i<\/p>\n","protected":false},"featured_media":10227,"comment_status":"open","ping_status":"closed","template":"","meta":[],"product_cat":[157,179,155],"product_tag":[],"class_list":{"0":"post-10225","1":"product","2":"type-product","3":"status-publish","4":"has-post-thumbnail","6":"product_cat-online-ups-tr","7":"product_cat-uninteruptible-power-supply-tr","8":"product_cat-ups-tr","10":"first","11":"instock","12":"shipping-taxable","13":"product-type-external"},"_links":{"self":[{"href":"https:\/\/epi-ups.com.tr\/tr\/wp-json\/wp\/v2\/product\/10225","targetHints":{"allow":["GET"]}}],"collection":[{"href":"https:\/\/epi-ups.com.tr\/tr\/wp-json\/wp\/v2\/product"}],"about":[{"href":"https:\/\/epi-ups.com.tr\/tr\/wp-json\/wp\/v2\/types\/product"}],"replies":[{"embeddable":true,"href":"https:\/\/epi-ups.com.tr\/tr\/wp-json\/wp\/v2\/comments?post=10225"}],"wp:featuredmedia":[{"embeddable":true,"href":"https:\/\/epi-ups.com.tr\/tr\/wp-json\/wp\/v2\/media\/10227"}],"wp:attachment":[{"href":"https:\/\/epi-ups.com.tr\/tr\/wp-json\/wp\/v2\/media?parent=10225"}],"wp:term":[{"taxonomy":"product_cat","embeddable":true,"href":"https:\/\/epi-ups.com.tr\/tr\/wp-json\/wp\/v2\/product_cat?post=10225"},{"taxonomy":"product_tag","embeddable":true,"href":"https:\/\/epi-ups.com.tr\/tr\/wp-json\/wp\/v2\/product_tag?post=10225"}],"curies":[{"name":"wp","href":"https:\/\/api.w.org\/{rel}","templated":true}]}}