{"id":10222,"date":"2025-01-13T21:15:32","date_gmt":"2025-01-13T21:15:32","guid":{"rendered":"https:\/\/epi-ups.com.tr\/product\/mtn-plus-series-10-20kva\/"},"modified":"2025-02-22T18:21:14","modified_gmt":"2025-02-22T18:21:14","slug":"mtn-plus-series-10-20kva","status":"publish","type":"product","link":"https:\/\/epi-ups.com.tr\/tr\/product\/mtn-plus-series-10-20kva\/","title":{"rendered":"MTN Plus Series 10-20kVA"},"content":{"rendered":"<p><strong>MTN-Plus Serisi<\/strong><br \/>\n<strong>6KVA~10KVA (1\/1)<\/strong><br \/>\n<strong>10KVA~20KVA (3\/1)<\/strong><br \/>\n<strong>3 Seviyeli \u0130nvert\u00f6r Teknolojisi<\/strong><\/p>\n<p><strong>\u00dcr\u00fcn<\/strong><\/p>\n<p>MTN Plus Online Serisi, \u00e7ift d\u00f6n\u00fc\u015f\u00fcm teknolojisini b\u00fcnyesinde bar\u0131nd\u0131ran kesintisiz bir g\u00fc\u00e7 kayna\u011f\u0131d\u0131r. \u00d6zellikle s\u0131k\u0131 y\u00fck i\u00e7in m\u00fckemmel koruma sa\u011flar. \u00c7ift d\u00f6n\u00fc\u015f\u00fcm prensibi t\u00fcm \u015febeke g\u00fc\u00e7 kesintilerini ortadan kald\u0131r\u0131r. Bir do\u011frultucu, prizden gelen alternatif ak\u0131m\u0131 do\u011fru ak\u0131ma d\u00f6n\u00fc\u015ft\u00fcr\u00fcr. Bu do\u011fru ak\u0131m ak\u00fcleri \u015farj eder ve invert\u00f6r\u00fc \u00e7al\u0131\u015ft\u0131r\u0131r. Elektrik kesintisi durumunda, bak\u0131m gerektirmeyen ak\u00fcler invert\u00f6r\u00fc \u00e7al\u0131\u015ft\u0131r\u0131r. B\u00f6ylece invert\u00f6r, y\u00fckleri kal\u0131c\u0131 olarak besleyen bir sin\u00fcs dalgas\u0131 AC g\u00fcc\u00fc \u00fcretir.<\/p>\n<p>Kan\u0131tlanm\u0131\u015f \u00e7evrimi\u00e7i \u00e7ift d\u00f6n\u00fc\u015f\u00fcm mimarisiyle tasarlanan bu UPS serisi, g\u00fc\u00e7 korumada en y\u00fcksek derecede pf kullan\u0131labilirli\u011fi sunar ve \u00f6zellikle finans, ileti\u015fim, h\u00fck\u00fcmet, trafik, \u00fcretim ve e\u011fitim sekt\u00f6rleri gibi baz\u0131 alanlardaki temel ekipmanlar i\u00e7in s\u0131k\u0131 y\u00fck\u00fc ba\u011flamak \u00fczere s\u00fcrekli y\u00fcksek kaliteli AC g\u00fcc\u00fc sa\u011flar.<\/p>\n<p>Y\u00fcksek G\u00fcvenilirlik:<\/p>\n<p>MTN-Plus Serisi, en y\u00fcksek kullan\u0131labilirlik ve g\u00fcvenilirlik derecesiyle y\u00fcksek kaliteli g\u00fc\u00e7 kayna\u011f\u0131 sunar.<\/p>\n<p>Uzat\u0131lm\u0131\u015f Yedekleme S\u00fcresi:<\/p>\n<p>UPS&#8217;nin yedekleme s\u00fcresini art\u0131rmak i\u00e7in pil geni\u015fletme m\u00fcmk\u00fcnd\u00fcr. Daha uzun yedekleme s\u00fcresi i\u00e7in mevcuttur. Dahili pilleri olmayan ancak g\u00fc\u00e7l\u00fc pil \u015farj cihaz\u0131na sahip MTN-Plus L versiyonu.<\/p>\n<p>\u0130leti\u015fim:<\/p>\n<p>MTN-Plus Serisi, ana ileti\u015fim se\u00e7ene\u011fi olan SNMP ve Kuru kontak kart\u0131yla uyumlu hale getiren iste\u011fe ba\u011fl\u0131 ileti\u015fim kart\u0131 i\u00e7in bir geni\u015fletme yuvas\u0131yla birlikte gelir.<\/p>\n<p>\u00d6zellikler:<br \/>\nDaha h\u0131zl\u0131 tepki, do\u011frultucu ve invert\u00f6r b\u00f6l\u00fcmlerinde ak\u0131m s\u0131n\u0131rlay\u0131c\u0131 donan\u0131m devresinin benimsenmesiyle daha g\u00fcvenilir koruma<br \/>\n3 seviyeli invert\u00f6r, g\u00fc\u00e7 aral\u0131\u011f\u0131ndaki her t\u00fcrl\u00fc y\u00fck\u00fc destekler: Klima \/ Lazer yaz\u0131c\u0131 \/ fanlar \/ 6 darbeli y\u00fck<br \/>\nGiri\u015f PFC anahtarlama bile\u015fenlerinin voltaj stresini b\u00fcy\u00fck \u00f6l\u00e7\u00fcde azalt\u0131r, genel \u00e7al\u0131\u015fma verimlili\u011fini art\u0131r\u0131r<br \/>\nPFC yumu\u015fak anahtarlama devresi teknolojisini benimseyerek<br \/>\nUPS&#8217;yi a\u00e7\u0131p kapat\u0131rken olu\u015fan elektrik stresi %50 oran\u0131nda azal\u0131r, invert\u00f6r \u00e7al\u0131\u015fma verimlili\u011fi \u00f6nemli \u00f6l\u00e7\u00fcde artar, 3 seviyeli invert\u00f6r teknolojisinin benimsenmesiyle her t\u00fcrl\u00fc y\u00fck\u00fc destekler<br \/>\nGenel verimlilik b\u00fcy\u00fck \u00f6l\u00e7\u00fcde art\u0131r\u0131l\u0131r, k\u00fc\u00e7\u00fck y\u00fckte daha az g\u00fc\u00e7 t\u00fcketimi, tam y\u00fckte etkili verimlilik %93&#8217;\u00fcn \u00fczerine \u00e7\u0131kar<br \/>\nGeli\u015ftirilen mobil a\u011f izleme i\u015fleviyle, son kullan\u0131c\u0131 UPS&#8217;nin \u00e7al\u0131\u015fmas\u0131n\u0131 ve mobil cihazla \u00e7al\u0131\u015fmas\u0131n\u0131 her zaman, her yerde izleyebilir ve denetleyebilir<br \/>\nKararl\u0131 \u00e7\u0131k\u0131\u015f voltaj\u0131 dalga formu, 220V&#8217;luk daha do\u011fru \u00e7\u0131k\u0131\u015f aral\u0131\u011f\u0131, \u00b1%1<\/p>\n","protected":false},"excerpt":{"rendered":"<p>MTN-Plus Serisi 6KVA~10KVA (1\/1) 10KVA~20KVA (3\/1) 3 Seviyeli \u0130nvert\u00f6r Teknolojisi \u00dcr\u00fcn MTN Plus Online Serisi, \u00e7ift d\u00f6n\u00fc\u015f\u00fcm teknolojisini b\u00fcnyesinde bar\u0131nd\u0131ran<\/p>\n","protected":false},"featured_media":10224,"comment_status":"open","ping_status":"closed","template":"","meta":[],"product_cat":[157,179,155],"product_tag":[],"class_list":{"0":"post-10222","1":"product","2":"type-product","3":"status-publish","4":"has-post-thumbnail","6":"product_cat-online-ups-tr","7":"product_cat-uninteruptible-power-supply-tr","8":"product_cat-ups-tr","10":"first","11":"instock","12":"shipping-taxable","13":"product-type-external"},"_links":{"self":[{"href":"https:\/\/epi-ups.com.tr\/tr\/wp-json\/wp\/v2\/product\/10222","targetHints":{"allow":["GET"]}}],"collection":[{"href":"https:\/\/epi-ups.com.tr\/tr\/wp-json\/wp\/v2\/product"}],"about":[{"href":"https:\/\/epi-ups.com.tr\/tr\/wp-json\/wp\/v2\/types\/product"}],"replies":[{"embeddable":true,"href":"https:\/\/epi-ups.com.tr\/tr\/wp-json\/wp\/v2\/comments?post=10222"}],"wp:featuredmedia":[{"embeddable":true,"href":"https:\/\/epi-ups.com.tr\/tr\/wp-json\/wp\/v2\/media\/10224"}],"wp:attachment":[{"href":"https:\/\/epi-ups.com.tr\/tr\/wp-json\/wp\/v2\/media?parent=10222"}],"wp:term":[{"taxonomy":"product_cat","embeddable":true,"href":"https:\/\/epi-ups.com.tr\/tr\/wp-json\/wp\/v2\/product_cat?post=10222"},{"taxonomy":"product_tag","embeddable":true,"href":"https:\/\/epi-ups.com.tr\/tr\/wp-json\/wp\/v2\/product_tag?post=10222"}],"curies":[{"name":"wp","href":"https:\/\/api.w.org\/{rel}","templated":true}]}}