{"id":10219,"date":"2025-01-13T21:15:58","date_gmt":"2025-01-13T21:15:58","guid":{"rendered":"https:\/\/epi-ups.com.tr\/product\/tg-series-10-800-kva\/"},"modified":"2025-03-19T10:03:49","modified_gmt":"2025-03-19T10:03:49","slug":"tg-series-10-1000-kva","status":"publish","type":"product","link":"https:\/\/epi-ups.com.tr\/tr\/product\/tg-series-10-1000-kva\/","title":{"rendered":"TG Series, 10 \u2013 1000 kVA"},"content":{"rendered":"<p><strong>TG Serisi 3\/3, 3\/1<\/strong><br \/>\n<strong>D\u00fc\u015f\u00fck Frekansl\u0131 \u00c7evrimi\u00e7i UPS<\/strong><br \/>\n<strong>10kVA~100kVA<\/strong><br \/>\n<strong>3 Faz giri\u015f\/ 1 Faz \u00e7\u0131k\u0131\u015f<\/strong><br \/>\n<strong>10kVA~800kVA<\/strong><br \/>\n<strong>3 Faz giri\u015f\/ 3 Faz \u00e7\u0131k\u0131\u015f<\/strong><\/p>\n<p><strong>\u00dcr\u00fcn<\/strong><\/p>\n<p>TG serisi, End\u00fcstriyel G\u00fc\u00e7 Kayna\u011f\u0131nda yayg\u0131n olarak kullan\u0131lan D\u00fc\u015f\u00fck Frekansl\u0131 UPS&#8217;lerdir. Bu End\u00fcstriyel UPS serisi, ekipman i\u00e7in daha kapsaml\u0131 ve eksiksiz koruma sa\u011flamak \u00fczere \u00c7evrimi\u00e7i \u00c7ift D\u00f6n\u00fc\u015f\u00fcm teknolojisini benimseyen bir Transformat\u00f6r Tabanl\u0131 UPS&#8217;dir. \u0130nsan-makine diyalo\u011fu arac\u0131l\u0131\u011f\u0131yla uzaktan izleme ve a\u011f y\u00f6netimi. Sistem, y\u00fcksek sistem verimlili\u011fine ve eksiksiz koruma i\u015flevlerine sahiptir. D\u00fcnyan\u0131n en geli\u015fmi\u015f DSP dijital kontrol teknolojisini benimser. UPS sekt\u00f6r\u00fcn\u00fcn teknik darbo\u011faz\u0131n\u0131 a\u015far, geleneksel analog devreyi geli\u015fmi\u015f bir dijital devre sistemiyle de\u011fi\u015ftirir ve birden fazla UPS&#8217;nin paralel yedeklilik i\u015flevini ger\u00e7ekle\u015ftirir. EPI&#8217;nin ola\u011fan\u00fcst\u00fc bir yenili\u011fidir. Dijital devre modunda, y\u00fcksek h\u0131zl\u0131 mikrodenetleyici ve programlanabilir mant\u0131k ayg\u0131t\u0131 daha m\u00fckemmel devre kontrol\u00fcne, parametre ayar\u0131na ve \u00e7al\u0131\u015fma y\u00f6netimine sahiptir ve kendi kendini test etme ve kendi kendini alg\u0131lama i\u015flevleri daha g\u00fc\u00e7l\u00fcd\u00fcr.<\/p>\n<p>\u2022 \u00c7\u0131k\u0131\u015f trafosu<br \/>\n\u2022 \u0130ste\u011fe ba\u011fl\u0131 12 darbeli do\u011frultucu ile<br \/>\n\u2022 Uzaktan izleme ve a\u011f y\u00f6netimi ile insan-makine diyalo\u011fu<br \/>\n\u2022 %100 dengeli \u00e7al\u0131\u015fma sa\u011flar<br \/>\n\u2022 Ak\u0131ll\u0131 pil y\u00f6netim fonksiyonu<br \/>\n\u2022 Fonksiyonu korumak i\u00e7in haz\u0131r<br \/>\n\u2022 Ses ve \u0131\u015f\u0131k alarm\u0131<br \/>\n\u2022 \u00c7e\u015fitli voltaj \u00e7\u0131k\u0131\u015f\u0131<br \/>\n\u2022 \u0130ste\u011fe ba\u011fl\u0131 renk<br \/>\n\u2022 Y\u00fck koruma yetene\u011fi<br \/>\n\u2022 Ortama g\u00fc\u00e7l\u00fc uyum<br \/>\n\u2022 Y\u00fcksek pil optimize performans\u0131<br \/>\n\u2022 A\u011f Y\u00f6netimi<br \/>\n\u2022 Enerji tasarrufu sa\u011flayan \u00e7evre koruma tasar\u0131m\u0131<\/p>\n<p>Uygulama<\/p>\n<p>Veri Merkezi, a\u011f bilgisayar odas\u0131, ak\u0131ll\u0131<br \/>\nhassas ekipman, finans,<br \/>\ntelekom\u00fcnikasyon, sigorta, ula\u015f\u0131m, vergilendirme,<br \/>\naskeri, g\u00fcvenlik, enerji, e\u011fitim, h\u00fck\u00fcmet,<br \/>\n\u00fcretim ve di\u011fer end\u00fcstriler vb.<\/p>\n<p>\u00d6zellikler<\/p>\n<p>\u2022 Y\u00fcksek g\u00fcvenilirli\u011fe sahip statik anahtar<br \/>\n\u2022 Kendini te\u015fhis etme ve kendini koruma<br \/>\n\u2022 \u015earj edilebilir pil ak\u0131ll\u0131 y\u00f6netimi<br \/>\n\u2022 G\u00fc\u00e7l\u00fc \u0130ngilizce ekran aray\u00fcz\u00fc<br \/>\n\u2022 \u00c7ift d\u00f6n\u00fc\u015f\u00fcm \u00e7evrimi\u00e7i tasar\u0131md\u0131r<br \/>\n\u2022 Esnek dokuma teknolojisi<br \/>\n\u2022 Y\u00fcksek verimlili\u011fe sahip sistem<\/p>\n","protected":false},"excerpt":{"rendered":"<p>TG Serisi 3\/3, 3\/1 D\u00fc\u015f\u00fck Frekansl\u0131 \u00c7evrimi\u00e7i UPS 10kVA~100kVA 3 Faz giri\u015f\/ 1 Faz \u00e7\u0131k\u0131\u015f 10kVA~800kVA 3 Faz giri\u015f\/ 3<\/p>\n","protected":false},"featured_media":10221,"comment_status":"open","ping_status":"closed","template":"","meta":[],"product_cat":[157,179,155],"product_tag":[],"class_list":{"0":"post-10219","1":"product","2":"type-product","3":"status-publish","4":"has-post-thumbnail","6":"product_cat-online-ups-tr","7":"product_cat-uninteruptible-power-supply-tr","8":"product_cat-ups-tr","10":"first","11":"instock","12":"shipping-taxable","13":"product-type-external"},"_links":{"self":[{"href":"https:\/\/epi-ups.com.tr\/tr\/wp-json\/wp\/v2\/product\/10219","targetHints":{"allow":["GET"]}}],"collection":[{"href":"https:\/\/epi-ups.com.tr\/tr\/wp-json\/wp\/v2\/product"}],"about":[{"href":"https:\/\/epi-ups.com.tr\/tr\/wp-json\/wp\/v2\/types\/product"}],"replies":[{"embeddable":true,"href":"https:\/\/epi-ups.com.tr\/tr\/wp-json\/wp\/v2\/comments?post=10219"}],"wp:featuredmedia":[{"embeddable":true,"href":"https:\/\/epi-ups.com.tr\/tr\/wp-json\/wp\/v2\/media\/10221"}],"wp:attachment":[{"href":"https:\/\/epi-ups.com.tr\/tr\/wp-json\/wp\/v2\/media?parent=10219"}],"wp:term":[{"taxonomy":"product_cat","embeddable":true,"href":"https:\/\/epi-ups.com.tr\/tr\/wp-json\/wp\/v2\/product_cat?post=10219"},{"taxonomy":"product_tag","embeddable":true,"href":"https:\/\/epi-ups.com.tr\/tr\/wp-json\/wp\/v2\/product_tag?post=10219"}],"curies":[{"name":"wp","href":"https:\/\/api.w.org\/{rel}","templated":true}]}}