{"id":10216,"date":"2025-01-13T21:16:19","date_gmt":"2025-01-13T21:16:19","guid":{"rendered":"https:\/\/epi-ups.com.tr\/product\/xr-series-200kva\/"},"modified":"2025-01-23T12:17:23","modified_gmt":"2025-01-23T12:17:23","slug":"xr-series-200kva","status":"publish","type":"product","link":"https:\/\/epi-ups.com.tr\/tr\/product\/xr-series-200kva\/","title":{"rendered":"XR+ Series, 200KVA"},"content":{"rendered":"<p><strong>XR Nuovo Serisi<\/strong><br \/>\n<strong>Y\u00fcksek Frekansl\u0131 \u00c7evrimi\u00e7i UPS<\/strong><br \/>\n<strong>10-200kVA<\/strong><br \/>\n<strong>3 fazl\u0131 giri\u015f\/3 fazl\u0131 \u00e7\u0131k\u0131\u015f<\/strong><br \/>\n<strong>(380V\/400V\/415V)<\/strong><\/p>\n<p><strong>\u00dcr\u00fcn<\/strong><\/p>\n<p>XR serisi 10-80kVA UPS, her t\u00fcrl\u00fc \u015febeke sorununu tamamen ortadan kald\u0131rabilen ve m\u00fc\u015fterilere istikrarl\u0131 ve saf sin\u00fczoidal g\u00fc\u00e7 kayna\u011f\u0131 korumas\u0131 sa\u011flayabilen \u00e7evrimi\u00e7i \u00e7ift d\u00f6n\u00fc\u015f\u00fcm teknolojisini benimser. Geli\u015fmi\u015f tasar\u0131m, bu \u00fcr\u00fcnlerin e\u015fsiz g\u00fcvenilirli\u011fe ve y\u00fcksek performansa sahip olmas\u0131n\u0131 sa\u011flar. Y\u00fcksek giri\u015f g\u00fc\u00e7 fakt\u00f6r\u00fc ve d\u00fc\u015f\u00fck giri\u015f ak\u0131m\u0131 harmonikleri, UPS&#8217;in ye\u015fil ve \u00e7evre korumas\u0131n\u0131 sa\u011flar ve y\u00fcksek verimlilik enerji tasarrufunu garanti eder.<\/p>\n<p>Uygulama<\/p>\n<p>K\u00fc\u00e7\u00fck ve orta \u00f6l\u00e7ekli veri merkezleri, BT makine odalar\u0131, finans kurulu\u015flar\u0131, trafik da\u011f\u0131t\u0131m merkezleri, g\u00fcvenlik izleme vb.<\/p>\n<p>\u00d6zellikler<\/p>\n<p>\u2022 Geni\u015f giri\u015f voltaj aral\u0131\u011f\u0131<br \/>\n\u2022 \u00c7evrimi\u00e7i \u00e7ift d\u00f6n\u00fc\u015f\u00fcm teknolojisi<br \/>\n\u2022 DSP dijital kontrol teknolojisi<br \/>\n\u2022 Ak\u0131ll\u0131 pil y\u00f6netimi pil \u00f6mr\u00fcn\u00fc uzat\u0131r<br \/>\n\u2022 Y\u00fcksek verimlilik, %95&#8217;e kadar<br \/>\n\u2022 5 in\u00e7 renkli dokunmatik ekran, insan-makine dostu<br \/>\naray\u00fcz, kullan\u0131m\u0131 kolay<br \/>\n\u2022 8 \u00fcniteye kadar paralel<\/p>\n","protected":false},"excerpt":{"rendered":"<p>XR Nuovo Serisi Y\u00fcksek Frekansl\u0131 \u00c7evrimi\u00e7i UPS 10-200kVA 3 fazl\u0131 giri\u015f\/3 fazl\u0131 \u00e7\u0131k\u0131\u015f (380V\/400V\/415V) \u00dcr\u00fcn XR serisi 10-80kVA UPS, her<\/p>\n","protected":false},"featured_media":10218,"comment_status":"open","ping_status":"closed","template":"","meta":[],"product_cat":[157,155],"product_tag":[],"class_list":{"0":"post-10216","1":"product","2":"type-product","3":"status-publish","4":"has-post-thumbnail","6":"product_cat-online-ups-tr","7":"product_cat-ups-tr","9":"first","10":"instock","11":"shipping-taxable","12":"product-type-external"},"_links":{"self":[{"href":"https:\/\/epi-ups.com.tr\/tr\/wp-json\/wp\/v2\/product\/10216","targetHints":{"allow":["GET"]}}],"collection":[{"href":"https:\/\/epi-ups.com.tr\/tr\/wp-json\/wp\/v2\/product"}],"about":[{"href":"https:\/\/epi-ups.com.tr\/tr\/wp-json\/wp\/v2\/types\/product"}],"replies":[{"embeddable":true,"href":"https:\/\/epi-ups.com.tr\/tr\/wp-json\/wp\/v2\/comments?post=10216"}],"wp:featuredmedia":[{"embeddable":true,"href":"https:\/\/epi-ups.com.tr\/tr\/wp-json\/wp\/v2\/media\/10218"}],"wp:attachment":[{"href":"https:\/\/epi-ups.com.tr\/tr\/wp-json\/wp\/v2\/media?parent=10216"}],"wp:term":[{"taxonomy":"product_cat","embeddable":true,"href":"https:\/\/epi-ups.com.tr\/tr\/wp-json\/wp\/v2\/product_cat?post=10216"},{"taxonomy":"product_tag","embeddable":true,"href":"https:\/\/epi-ups.com.tr\/tr\/wp-json\/wp\/v2\/product_tag?post=10216"}],"curies":[{"name":"wp","href":"https:\/\/api.w.org\/{rel}","templated":true}]}}