{"id":10213,"date":"2025-01-13T21:16:47","date_gmt":"2025-01-13T21:16:47","guid":{"rendered":"https:\/\/epi-ups.com.tr\/product\/mtp-1-10-kva\/"},"modified":"2025-02-22T18:21:56","modified_gmt":"2025-02-22T18:21:56","slug":"mtp-1-10-kva","status":"publish","type":"product","link":"https:\/\/epi-ups.com.tr\/tr\/product\/mtp-1-10-kva\/","title":{"rendered":"MTP 1-10 kVA"},"content":{"rendered":"<p>MTP Serisi<br \/>\n1-10kVA 1 fazl\u0131\/1 fazl\u0131<br \/>\n\u00c7ift D\u00f6n\u00fc\u015f\u00fcml\u00fc \u00c7evrimi\u00e7i (VFI)<\/p>\n<p>\u00dcr\u00fcn<\/p>\n<p>MTP Serisi, 1.0 \u00e7\u0131k\u0131\u015f g\u00fc\u00e7 fakt\u00f6r\u00fc ve &#8220;s\u0131f\u0131r&#8221; transfer s\u00fcresine sahip bir ON-LINE \u00e7ift D\u00f6n\u00fc\u015f\u00fcm teknolojisi UPS serisidir, y\u00fck her zaman elektriksel parazitlerden ar\u0131nm\u0131\u015f ger\u00e7ek sin\u00fczoidal voltaj sa\u011flayan invert\u00f6r taraf\u0131ndan \u00e7al\u0131\u015ft\u0131r\u0131l\u0131r.<\/p>\n<p>Y\u00dcKSEK G\u00dcVEN\u0130L\u0130RL\u0130K<\/p>\n<p>MTP Serisi, en y\u00fcksek kullan\u0131labilirlik ve g\u00fcvenilirlik derecesiyle y\u00fcksek kaliteli g\u00fc\u00e7 kayna\u011f\u0131 sunar<\/p>\n<p>MTP Serisi, \u00f6zellikle PC, \u0130\u015f \u0130stasyonu, A\u011f merkezleri, \u0130leti\u015fim ekipmanlar\u0131 ve di\u011fer kritik sistemler gibi temel ekipmanlar i\u00e7in kompakt ve kullan\u0131c\u0131lar i\u00e7in \u00e7ok uygundur.<\/p>\n<p>UZATILMI\u015e YEDEKLEME S\u00dcRES\u0130<\/p>\n<p>UPS&#8217;nin yedekleme s\u00fcresini art\u0131rmak i\u00e7in pil geni\u015fletme m\u00fcmk\u00fcnd\u00fcr. Daha uzun yedekleme s\u00fcresi i\u00e7in, dahili bataryas\u0131 olmayan ancak g\u00fc\u00e7l\u00fc batarya \u015farj cihaz\u0131 bulunan MTP \u201cL\u201d versiyonu mevcuttur<\/p>\n<p>TELEFON HATTI KORUMASI<\/p>\n<p>MTP Serisi, telefon veya \u015febeke hatt\u0131n\u0131n herhangi bir dalgalanma voltaj\u0131na kar\u015f\u0131 korunmas\u0131n\u0131 garanti alt\u0131na almak i\u00e7in bir RJ45\/RJ11 soketiyle birlikte gelir<\/p>\n<p>OTOMAT\u0130K YEN\u0130DEN BA\u015eLATMA<\/p>\n<p>UPS, uzun s\u00fcreli elektrik kesintisi sonras\u0131nda yedekleme s\u00fcresinin sona ermesi nedeniyle kapat\u0131ld\u0131ktan sonra \u015febeke geri d\u00f6nd\u00fc\u011f\u00fcnde otomatik olarak yeniden ba\u015flat\u0131lacak \u015fekilde programlanm\u0131\u015ft\u0131r.<\/p>\n<p>\u0130LET\u0130\u015e\u0130M<\/p>\n<p>MTP Serisi, ana ileti\u015fim se\u00e7ene\u011fi olan SNMP ve Kuru kontak kart\u0131yla uyumlu hale getiren iste\u011fe ba\u011fl\u0131 ileti\u015fim kart\u0131 i\u00e7in bir geni\u015fletme yuvas\u0131yla birlikte gelir<\/p>\n<p>DSP Teknolojisi<\/p>\n<p>Geli\u015fmi\u015f DSP dijital kontrol teknolojisi, UPS&#8217;in daha istikrarl\u0131 bir performans g\u00f6stermesini sa\u011flar.<\/p>\n<p>Aktif Giri\u015f G\u00fc\u00e7 Fakt\u00f6r\u00fc D\u00fczeltmesi (PFC)<\/p>\n<p>PFC&#8217;nin dijitalle\u015ftirilmi\u015f kontrol\u00fc, UPS&#8217;in olas\u0131 elektrik \u015febekesi kirlili\u011fini \u00f6nlemek i\u00e7in giri\u015f g\u00fc\u00e7 fakt\u00f6r\u00fcn\u00fc 0,99&#8217;un \u00fczerinde tutmas\u0131n\u0131 ve bu arada maliyeti b\u00fcy\u00fck \u00f6l\u00e7\u00fcde d\u00fc\u015f\u00fcrmesini sa\u011flar.<\/p>\n<p>S\u0131f\u0131r G\u00fc\u00e7 Ge\u00e7i\u015f Gecikmesi<\/p>\n<p>Elektrik kesintisi oldu\u011funda, UPS otomatik olarak AC modundan ak\u00fc moduna gecikmesiz bir \u015fekilde ge\u00e7er ve bu da i\u015fletim sisteminin istikrarl\u0131 g\u00fc\u00e7 kayna\u011f\u0131n\u0131 sa\u011flar.<\/p>\n<p>\u00c7evre Dostu<\/p>\n<p>Bu UPS, Elektronik \u00dcr\u00fcnlerin en yerel kirlilik kontrol gereksinimini kar\u015f\u0131lamak i\u00e7in ekolojik olarak tasarlanm\u0131\u015f ve \u00fcretilmi\u015ftir; bu da normal kullan\u0131mda \u00e7evreye ve insanlara zarar vermeyece\u011fi anlam\u0131na gelir.<\/p>\n<p>Geni\u015f Giri\u015f Voltaj\u0131 ve Frekans Aral\u0131\u011f\u0131<\/p>\n<p>UPS&#8217;nin \u00e7e\u015fitli ortamlara uygulanabilmesini sa\u011flamak i\u00e7in giri\u015f fakt\u00f6rlerinin aral\u0131\u011f\u0131n\u0131 kas\u0131tl\u0131 olarak geni\u015fletiyoruz; bu da dengesiz g\u00fc\u00e7 ortam\u0131nda bile ak\u00fc \u015farj\u0131n\u0131 etkili bir \u015fekilde s\u00fcrd\u00fcrecek ve b\u00f6ylece UPS&#8217;nin hizmet \u00f6mr\u00fc a\u00e7\u0131k\u00e7a uzat\u0131labilecektir.<\/p>\n<p>\u00d6zellikler:<br \/>\nGer\u00e7ek \u00e7ift d\u00f6n\u00fc\u015f\u00fcm<br \/>\nMikroi\u015flemci kontrol\u00fc optimize edilmi\u015f g\u00fcvenilirlik<br \/>\nGiri\u015f g\u00fc\u00e7 fakt\u00f6r\u00fc d\u00fczeltmesi<br \/>\n\u00c7\u0131k\u0131\u015f g\u00fc\u00e7 fakt\u00f6r\u00fc 1.0<br \/>\nGeni\u015f giri\u015f voltaj\u0131 (110V~300)<br \/>\nD\u00f6n\u00fc\u015ft\u00fcr\u00fcc\u00fc modu mevcut<br \/>\nJenerat\u00f6r uyumlu<br \/>\nAk\u0131ll\u0131 SNMP, USB veya RS-232 ile iyi \u00e7al\u0131\u015f\u0131r<\/p>\n","protected":false},"excerpt":{"rendered":"<p>MTP Serisi 1-10kVA 1 fazl\u0131\/1 fazl\u0131 \u00c7ift D\u00f6n\u00fc\u015f\u00fcml\u00fc \u00c7evrimi\u00e7i (VFI) \u00dcr\u00fcn MTP Serisi, 1.0 \u00e7\u0131k\u0131\u015f g\u00fc\u00e7 fakt\u00f6r\u00fc ve &#8220;s\u0131f\u0131r&#8221; transfer<\/p>\n","protected":false},"featured_media":10215,"comment_status":"open","ping_status":"closed","template":"","meta":[],"product_cat":[157,179,155],"product_tag":[],"class_list":{"0":"post-10213","1":"product","2":"type-product","3":"status-publish","4":"has-post-thumbnail","6":"product_cat-online-ups-tr","7":"product_cat-uninteruptible-power-supply-tr","8":"product_cat-ups-tr","10":"first","11":"instock","12":"shipping-taxable","13":"product-type-external"},"_links":{"self":[{"href":"https:\/\/epi-ups.com.tr\/tr\/wp-json\/wp\/v2\/product\/10213","targetHints":{"allow":["GET"]}}],"collection":[{"href":"https:\/\/epi-ups.com.tr\/tr\/wp-json\/wp\/v2\/product"}],"about":[{"href":"https:\/\/epi-ups.com.tr\/tr\/wp-json\/wp\/v2\/types\/product"}],"replies":[{"embeddable":true,"href":"https:\/\/epi-ups.com.tr\/tr\/wp-json\/wp\/v2\/comments?post=10213"}],"wp:featuredmedia":[{"embeddable":true,"href":"https:\/\/epi-ups.com.tr\/tr\/wp-json\/wp\/v2\/media\/10215"}],"wp:attachment":[{"href":"https:\/\/epi-ups.com.tr\/tr\/wp-json\/wp\/v2\/media?parent=10213"}],"wp:term":[{"taxonomy":"product_cat","embeddable":true,"href":"https:\/\/epi-ups.com.tr\/tr\/wp-json\/wp\/v2\/product_cat?post=10213"},{"taxonomy":"product_tag","embeddable":true,"href":"https:\/\/epi-ups.com.tr\/tr\/wp-json\/wp\/v2\/product_tag?post=10213"}],"curies":[{"name":"wp","href":"https:\/\/api.w.org\/{rel}","templated":true}]}}