{"id":10210,"date":"2025-01-13T21:17:08","date_gmt":"2025-01-13T21:17:08","guid":{"rendered":"https:\/\/epi-ups.com.tr\/product\/mhp-series-1-3-kva\/"},"modified":"2025-01-23T12:19:54","modified_gmt":"2025-01-23T12:19:54","slug":"mhp-series-1-3-kva","status":"publish","type":"product","link":"https:\/\/epi-ups.com.tr\/tr\/product\/mhp-series-1-3-kva\/","title":{"rendered":"MHP Series, 1-3 kVA"},"content":{"rendered":"<p><strong>MHP Serisi<\/strong><br \/>\nY\u00fcksek Frekansl\u0131 \u00c7evrimi\u00e7i UPS<br \/>\n1-3 kVA<br \/>\n1 Faz Giri\u015f\/1 Faz \u00c7\u0131k\u0131\u015f<\/p>\n<p><strong>\u00d6zellikler<\/strong><br \/>\nMHP Serisi<br \/>\nY\u00fcksek Frekansl\u0131 \u00c7evrimi\u00e7i UPS<br \/>\n1-3 kVA<br \/>\n1 Faz Giri\u015f\/1 Faz \u00c7\u0131k\u0131\u015f<br \/>\n\u2022 Ger\u00e7ek \u00e7evrimi\u00e7i \u00e7ift d\u00f6n\u00fc\u015f\u00fcm teknolojisi<br \/>\n\u2022 Geni\u015f giri\u015f voltaj aral\u0131\u011f\u0131<br \/>\n\u2022 DSP teknolojisi<br \/>\n\u2022 Geli\u015fmi\u015f PFC teknolojisi, giri\u015f PF&gt;%99<br \/>\n\u2022 G\u00fc\u00e7l\u00fc \u015farj kapasitesi<br \/>\n\u2022 Y\u0131ld\u0131r\u0131m ve a\u015f\u0131r\u0131 gerilim korumas\u0131<br \/>\n\u2022 LCD\/LED ekran<br \/>\n\u2022 \u0130zleme yaz\u0131l\u0131m\u0131na sahip ak\u0131ll\u0131 RS232 portu<br \/>\n\u2022 Y\u00fckseltme ve y\u00fczd\u00fcrme \u015farj y\u00f6ntemi<\/p>\n","protected":false},"excerpt":{"rendered":"<p>MHP Serisi Y\u00fcksek Frekansl\u0131 \u00c7evrimi\u00e7i UPS 1-3 kVA 1 Faz Giri\u015f\/1 Faz \u00c7\u0131k\u0131\u015f \u00d6zellikler MHP Serisi Y\u00fcksek Frekansl\u0131 \u00c7evrimi\u00e7i UPS<\/p>\n","protected":false},"featured_media":10212,"comment_status":"open","ping_status":"closed","template":"","meta":[],"product_cat":[157,155],"product_tag":[],"class_list":{"0":"post-10210","1":"product","2":"type-product","3":"status-publish","4":"has-post-thumbnail","6":"product_cat-online-ups-tr","7":"product_cat-ups-tr","9":"first","10":"instock","11":"shipping-taxable","12":"product-type-external"},"_links":{"self":[{"href":"https:\/\/epi-ups.com.tr\/tr\/wp-json\/wp\/v2\/product\/10210","targetHints":{"allow":["GET"]}}],"collection":[{"href":"https:\/\/epi-ups.com.tr\/tr\/wp-json\/wp\/v2\/product"}],"about":[{"href":"https:\/\/epi-ups.com.tr\/tr\/wp-json\/wp\/v2\/types\/product"}],"replies":[{"embeddable":true,"href":"https:\/\/epi-ups.com.tr\/tr\/wp-json\/wp\/v2\/comments?post=10210"}],"wp:featuredmedia":[{"embeddable":true,"href":"https:\/\/epi-ups.com.tr\/tr\/wp-json\/wp\/v2\/media\/10212"}],"wp:attachment":[{"href":"https:\/\/epi-ups.com.tr\/tr\/wp-json\/wp\/v2\/media?parent=10210"}],"wp:term":[{"taxonomy":"product_cat","embeddable":true,"href":"https:\/\/epi-ups.com.tr\/tr\/wp-json\/wp\/v2\/product_cat?post=10210"},{"taxonomy":"product_tag","embeddable":true,"href":"https:\/\/epi-ups.com.tr\/tr\/wp-json\/wp\/v2\/product_tag?post=10210"}],"curies":[{"name":"wp","href":"https:\/\/api.w.org\/{rel}","templated":true}]}}