{"id":10198,"date":"2021-08-25T09:00:10","date_gmt":"2021-08-25T09:00:10","guid":{"rendered":"https:\/\/epi-ups.com.tr\/contact-us\/"},"modified":"2025-03-12T08:54:00","modified_gmt":"2025-03-12T08:54:00","slug":"iletisim","status":"publish","type":"page","link":"https:\/\/epi-ups.com.tr\/tr\/iletisim\/","title":{"rendered":"\u0130leti\u015fim"},"content":{"rendered":"<div class=\"wpb-content-wrapper\"><p>[vc_row][vc_column]\n\t\t<div id=\"wd-67d14a00d56fa\" class=\"title-wrapper wd-wpb set-mb-s reset-last-child  wd-rs-67d14a00d56fa wd-title-color-default wd-title-style-default text-left  wd-underline-colored\">\n\t\t\t\n\t\t\t<div class=\"liner-continer\">\n\t\t\t\t<h4 class=\"woodmart-title-container title  wd-font-weight- wd-fontsize-l\" >Sat\u0131\u015f Ofisleri<\/h4>\n\t\t\t\t\t\t\t<\/div>\n\t\t\t\n\t\t\t\n\t\t\t\n\t\t<\/div>\n\t\t\n\t\t\n\t\t<div id=\"wd-67d14b54d99dc\" class=\"wd-tabs wd-wpb wd-rs-67d14b54d99dc tabs-design-aside vc_custom_1741769637885 wd-header-with-bg\">\n\t\t\t<div class=\"wd-tabs-header text-center\">\n\t\t\t\t\n\t\t\t\t\n\t\t\t\t<div class=\"wd-nav-wrapper wd-nav-tabs-wrapper\">\n\t\t\t\t\t<ul class=\"wd-nav wd-nav-tabs wd-icon-pos-left wd-style-default font-primary wd-fontsize-xs wd-font-weight-600\">\n\t\t\t\t\t\t\t\t\t\t\t\t\t\n\t\t\t\t\t\t\t<li>\n\t\t\t\t\t\t\t\t<a href=\"#\" class=\"wd-nav-link\">\n\t\t\t\t\t\t\t\t\t\t\t\t\t\t\t\t\t\t<span class=\"nav-link-text wd-tabs-title\">\n\t\t\t\t\t\t\t\t\t\tEPI UPS (Corporate Headquarter)\t\t\t\t\t\t\t\t\t<\/span>\n\t\t\t\t\t\t\t\t<\/a>\n\t\t\t\t\t\t\t<\/li>\n\n\t\t\t\t\t\t\t\t\t\t\t\t\t\n\t\t\t\t\t\t\t<li>\n\t\t\t\t\t\t\t\t<a href=\"#\" class=\"wd-nav-link\">\n\t\t\t\t\t\t\t\t\t\t\t\t\t\t\t\t\t\t<span class=\"nav-link-text wd-tabs-title\">\n\t\t\t\t\t\t\t\t\t\tEPI UPS (Factories)\t\t\t\t\t\t\t\t\t<\/span>\n\t\t\t\t\t\t\t\t<\/a>\n\t\t\t\t\t\t\t<\/li>\n\n\t\t\t\t\t\t\t\t\t\t\t\t\t\n\t\t\t\t\t\t\t<li>\n\t\t\t\t\t\t\t\t<a href=\"#\" class=\"wd-nav-link\">\n\t\t\t\t\t\t\t\t\t\t\t\t\t\t\t\t\t\t<span class=\"nav-link-text wd-tabs-title\">\n\t\t\t\t\t\t\t\t\t\tEPI UPS (Regional Offices)\t\t\t\t\t\t\t\t\t<\/span>\n\t\t\t\t\t\t\t\t<\/a>\n\t\t\t\t\t\t\t<\/li>\n\n\t\t\t\t\t\t\t\t\t\t\t\t\t\n\t\t\t\t\t\t\t<li>\n\t\t\t\t\t\t\t\t<a href=\"#\" class=\"wd-nav-link\">\n\t\t\t\t\t\t\t\t\t\t\t\t\t\t\t\t\t\t<span class=\"nav-link-text wd-tabs-title\">\n\t\t\t\t\t\t\t\t\t\tEPI UPS (Great China)\t\t\t\t\t\t\t\t\t<\/span>\n\t\t\t\t\t\t\t\t<\/a>\n\t\t\t\t\t\t\t<\/li>\n\n\t\t\t\t\t\t\t\t\t\t\t\t\t\n\t\t\t\t\t\t\t<li>\n\t\t\t\t\t\t\t\t<a href=\"#\" class=\"wd-nav-link\">\n\t\t\t\t\t\t\t\t\t\t\t\t\t\t\t\t\t\t<span class=\"nav-link-text wd-tabs-title\">\n\t\t\t\t\t\t\t\t\t\tEPI UPS (North Asia)\t\t\t\t\t\t\t\t\t<\/span>\n\t\t\t\t\t\t\t\t<\/a>\n\t\t\t\t\t\t\t<\/li>\n\n\t\t\t\t\t\t\t\t\t\t\t\t\t\n\t\t\t\t\t\t\t<li>\n\t\t\t\t\t\t\t\t<a href=\"#\" class=\"wd-nav-link\">\n\t\t\t\t\t\t\t\t\t\t\t\t\t\t\t\t\t\t<span class=\"nav-link-text wd-tabs-title\">\n\t\t\t\t\t\t\t\t\t\tEPI UPS (South-East Asia)\t\t\t\t\t\t\t\t\t<\/span>\n\t\t\t\t\t\t\t\t<\/a>\n\t\t\t\t\t\t\t<\/li>\n\n\t\t\t\t\t\t\t\t\t\t\t\t\t\n\t\t\t\t\t\t\t<li>\n\t\t\t\t\t\t\t\t<a href=\"#\" class=\"wd-nav-link\">\n\t\t\t\t\t\t\t\t\t\t\t\t\t\t\t\t\t\t<span class=\"nav-link-text wd-tabs-title\">\n\t\t\t\t\t\t\t\t\t\tEPI UPS (South Asia)\t\t\t\t\t\t\t\t\t<\/span>\n\t\t\t\t\t\t\t\t<\/a>\n\t\t\t\t\t\t\t<\/li>\n\n\t\t\t\t\t\t\t\t\t\t\t\t\t\n\t\t\t\t\t\t\t<li>\n\t\t\t\t\t\t\t\t<a href=\"#\" class=\"wd-nav-link\">\n\t\t\t\t\t\t\t\t\t\t\t\t\t\t\t\t\t\t<span class=\"nav-link-text wd-tabs-title\">\n\t\t\t\t\t\t\t\t\t\tEPI UPS (MENA)\t\t\t\t\t\t\t\t\t<\/span>\n\t\t\t\t\t\t\t\t<\/a>\n\t\t\t\t\t\t\t<\/li>\n\n\t\t\t\t\t\t\t\t\t\t\t\t\t\n\t\t\t\t\t\t\t<li>\n\t\t\t\t\t\t\t\t<a href=\"#\" class=\"wd-nav-link\">\n\t\t\t\t\t\t\t\t\t\t\t\t\t\t\t\t\t\t<span class=\"nav-link-text wd-tabs-title\">\n\t\t\t\t\t\t\t\t\t\tEPI UPS (South-America)\t\t\t\t\t\t\t\t\t<\/span>\n\t\t\t\t\t\t\t\t<\/a>\n\t\t\t\t\t\t\t<\/li>\n\n\t\t\t\t\t\t\t\t\t\t\t\t\t\n\t\t\t\t\t\t\t<li>\n\t\t\t\t\t\t\t\t<a href=\"#\" class=\"wd-nav-link\">\n\t\t\t\t\t\t\t\t\t\t\t\t\t\t\t\t\t\t<span class=\"nav-link-text wd-tabs-title\">\n\t\t\t\t\t\t\t\t\t\tEPI UPS (Oceania)\t\t\t\t\t\t\t\t\t<\/span>\n\t\t\t\t\t\t\t\t<\/a>\n\t\t\t\t\t\t\t<\/li>\n\n\t\t\t\t\t\t\t\t\t\t\t\t\t\n\t\t\t\t\t\t\t<li>\n\t\t\t\t\t\t\t\t<a href=\"#\" class=\"wd-nav-link\">\n\t\t\t\t\t\t\t\t\t\t\t\t\t\t\t\t\t\t<span class=\"nav-link-text wd-tabs-title\">\n\t\t\t\t\t\t\t\t\t\tEPI UPS (Europe)\t\t\t\t\t\t\t\t\t<\/span>\n\t\t\t\t\t\t\t\t<\/a>\n\t\t\t\t\t\t\t<\/li>\n\n\t\t\t\t\t\t\t\t\t\t\t\t\t\n\t\t\t\t\t\t\t<li>\n\t\t\t\t\t\t\t\t<a href=\"#\" class=\"wd-nav-link\">\n\t\t\t\t\t\t\t\t\t\t\t\t\t\t\t\t\t\t<span class=\"nav-link-text wd-tabs-title\">\n\t\t\t\t\t\t\t\t\t\tEPI UPS (CIS)\t\t\t\t\t\t\t\t\t<\/span>\n\t\t\t\t\t\t\t\t<\/a>\n\t\t\t\t\t\t\t<\/li>\n\n\t\t\t\t\t\t\n\t\t\t\t\t<\/ul>\n\t\t\t\t<\/div>\n\t\t\t<\/div>\n\n\t\t\t<div class=\"wd-tab-content-wrapper\">\n\t\t\t\t\n\t\t<div class=\"wd-tab-content\">\n\t\t\t\t\t\t\t<\/p>\n<p>EPI UPS (Italy) srls<br \/>\nPiazza del Mercato 18,<br \/>\n0044 Frascati,<br \/>\nRoma, Italy<br \/>\nEmail: sales@epi-ups.com<br \/>\nWebsite: www.epi-ups.com\t\t\t\t\t<\/div>\n\n\t\t\n\t\t<div class=\"wd-tab-content\">\n\t\t\t\t\t\t\t<\/p>\n<p><strong>Italy<\/strong><\/p>\n<p>EPI UPS (Italy)<br \/>\nVia Decio Raggi,<br \/>\n411, 447121,<br \/>\nForli, Italy<\/p>\n<p><strong>Turkey<\/strong><\/p>\n<p>EPI UPS Innovasis Enerji Ltd Sti<br \/>\nEsenkent MH. Gokkusagi SK. NO:30A<br \/>\n\u00dcnraniye<br \/>\nIstanbul<\/p>\n<p><strong>China<\/strong><\/p>\n<p>EPI UPS (China) Co., Ltd<br \/>\n8\/F, Blk C, Gongming<br \/>\nHanhaidai Technological<br \/>\nIndustrial Park, Guangming<br \/>\nDistrict, Shenzhen, China<\/p>\n<p><strong>China<\/strong><\/p>\n<p>EPI UPS (China) Co., Ltd<br \/>\n4th Floor, Building 3, 5<br \/>\nPingcheng North Road,<br \/>\nHaicang District,<br \/>\nXiamen, China\t\t\t\t\t<\/div>\n\n\t\t\n\t\t<div class=\"wd-tab-content\">\n\t\t\t\t\t\t\t<\/p>\n<p><strong>Turkey<\/strong><\/p>\n<p>EPI UPS Guc Sistemleri Ltd Sti<br \/>\nAtat\u00fcrk Mahallesi Alemda\u011f Caddesi no:140-144 \u0130\u00e7 Kap\u0131 No: 19<br \/>\n\u00dcmraniye, \u0130stanbul 34760<br \/>\nTurkey<br \/>\n<strong><br \/>\n<\/strong><\/p>\n<p><strong>Singapore<\/strong><\/p>\n<p class=\"v1MsoNormal\">EPI UPS (Asia-Pacific) Pte Ltd<br \/>\n60 Paya Lebar Road<br \/>\n#07-54 Paya Lebar Square<br \/>\nSingapore 409051<\/p>\n<p><strong><br \/>\nPhilippines<\/strong><\/p>\n<p>EPI UPS (Regional Technical Centre)<br \/>\nTimes Plaza Building,<br \/>\nUnited Nations Avenue corner Taft Avenue,Ermita,<br \/>\nManila, 1000,Philippines<\/p>\n<p><strong><br \/>\nMalaysia<\/strong><\/p>\n<p>EPI Power System (Malaysia) Sdn Bhd<br \/>\n23-2-A8 2nd Floor<br \/>\nJalan Wangsa Delima 5, Seksyen 5,<br \/>\nWangsa Maju, 53300 Kuala Lumpur, Malaysia<\/p>\n<p><strong><br \/>\nUK Office<\/strong><\/p>\n<p>EPI UPS (UK) Ltd,<br \/>\nSuite #03-01-05<br \/>\n207 Regent Street<br \/>\nLondon<br \/>\nEngland<br \/>\nW1B 3HH<\/p>\n<p><strong><br \/>\nIndia<\/strong><\/p>\n<p>EPI Power Systems (South India) Pvt Ltd<br \/>\nBengaluru office<br \/>\nSuite 1010, 10th Floor, Brigade IRV, Nallurhalli, Whitefield,<br \/>\nBengaluru, Karnataka 560066<br \/>\nIndia<\/p>\n<p><strong><br \/>\nIndia<\/strong><\/p>\n<p>EPI Power Systems (South India) Pvt Ltd<br \/>\nChennai Office<br \/>\n455, Block No. 75,<br \/>\n7th Floor, Amarasri Building,<br \/>\nAnna Salai, Teynampet, Chennai \u2013 600018<\/p>\n<p><strong><br \/>\nIndia<\/strong><\/p>\n<p>EPI Power Systems (South India) Pvt Ltd<br \/>\nHyderabad Office<br \/>\n1st Floor, Phoenix Tech Tower,<br \/>\nPlot No. 14\/46,<br \/>\nIDA Uppal Habsiguda,<br \/>\nHyderabad, Telangana 500039,<br \/>\nIndia<\/p>\n<p><strong><br \/>\nChina<\/strong><\/p>\n<p>EPI UPS Beijing<br \/>\n10th Floor, Twin Towers (East),<br \/>\nB12 Jianguomenwai Avenue,<br \/>\nBeijing-100022, China<\/p>\n<p><strong><br \/>\nChina<\/strong><\/p>\n<p>EPI UPS Shanghai<br \/>\n21st Floor, Bank of Shanghai Tower,<br \/>\n168 Yincheng Zhong Road,<br \/>\nPudong, Shanghai \u2013 200021,<\/p>\n<p><strong><br \/>\nThailand<\/strong><\/p>\n<p>EPI UPS (Thailand) Co., Ltd<br \/>\nLevel 12, ZEN World Tower,<br \/>\n4\/5 Rajdamri Road, Pathumwan,<br \/>\nBangkok-10330, Thailand<\/p>\n<p><strong>Bangladesh<\/strong><\/p>\n<p>EPI UPS (Bangladesh) Ltd &amp; EPI Power System (Bangladesh) Ltd<br \/>\nHouse- 597, Level, 4,, Road-09,Mirpur DOHS,<br \/>\nDhaka-1216, Bangladesh<\/p>\n<p><strong><br \/>\nVietnam<\/strong><\/p>\n<p>EPI UPS (Vietnam)<br \/>\nRoom 606, Block B,<br \/>\nIndoChina Park Tower,<br \/>\n4 Nguyen Dinh Chieu Street,<br \/>\nDistrict 1, Ho Chi Minh,<br \/>\nVietnam<\/p>\n<p><strong><br \/>\nDubai<\/strong><\/p>\n<p>EPI UPS (UAE) LLC<br \/>\nLevel 20, 48 Burj Gate, Dubai Mall<br \/>\nMetro Station<br \/>\nDubai<\/p>\n<p><strong><br \/>\nPeru<\/strong><\/p>\n<p>EPI UPS (Peru)<br \/>\nRuben de la Cruz 112 Int 102<br \/>\nLima-18<br \/>\nPeru\t\t\t\t\t<\/div>\n\n\t\t\n\t\t<div class=\"wd-tab-content\">\n\t\t\t\t\t\t\t<\/p>\n<p><strong>EPI UPS (Shanghai)<\/strong><\/p>\n<p>23\/F, Citigroup Tower,<br \/>\n33 Huayuanshiqiao Road,<br \/>\nPudong District,<br \/>\nKShanghai 200021, China<br \/>\nEmail: shanghai@epi-ups.com<\/p>\n<p><strong>EPI UPS (Beijing)<\/strong><\/p>\n<p>160 West 4th Ring North Road,<br \/>\nRoom A926<br \/>\nHaidian District, Beijing<br \/>\nEmail: beijing@epi-ups.com<\/p>\n<p><strong>EPI UPS (Shenzhen) Co., Ltd<\/strong><\/p>\n<p>8\/F, Blk C, Gongming Hanhaidai Technological<br \/>\nIndustrial Park,<br \/>\nGuangming District,<br \/>\nShenzhen, China<br \/>\nEmail: shenzhen@epi-ups.com<\/p>\n<p><strong>EPI UPS (Xiamen)<\/strong><\/p>\n<p>Unit 304, 3rd Floor,<br \/>\nGolden Bay Furtune Plaza,<br \/>\n999 An Ling Lu, Huli District,<br \/>\nXiamen, China.<br \/>\nEmail: xiamen@epi-ups.com<\/p>\n<p><strong>EPI UPS (Chengdu)<\/strong><\/p>\n<p>Chengdu Times Plaza,<br \/>\n26\/F Building A, Times Plaza,<br \/>\n2 Zongfu Road,<br \/>\nChengdu, 610016 China<br \/>\nEmail: chengdu@epi-ups.com\t\t\t\t\t<\/div>\n\n\t\t\n\t\t<div class=\"wd-tab-content\">\n\t\t\t\t\t\t\t<\/p>\n<p><strong>EPI UPS (Taiwan)<\/strong><\/p>\n<p>Victron Energie Inc.,<br \/>\n21F-9, No.551, Jen-Pin 8th street,<br \/>\nTainan 708<br \/>\nChengdu, 610016 China<br \/>\nTaiwan R.O.C<\/p>\n<p><strong>EPI UPS (South Korea)<\/strong><br \/>\n<strong>EPI Engineering Co., Ltd<\/strong><\/p>\n<p>4th Floor, 403 Jiyoung Plaza,<br \/>\n#284-63 Sungsoo Dong 2ga<br \/>\nSungdong-gu,<br \/>\nSeoul, South Korea<\/p>\n<p><strong>EPI UPS (Hong Kong)<\/strong><br \/>\n<strong>Tri-United Technology Co.,<\/strong><\/p>\n<p>Flat 8, 6\/F, International Plaza,<br \/>\n20 Sheung Yuet Road,<br \/>\nKowloon Bay, Kowloon,<br \/>\nHong Kong\t\t\t\t\t<\/div>\n\n\t\t\n\t\t<div class=\"wd-tab-content\">\n\t\t\t\t\t\t\t<\/p>\n<p><strong>EPI UPS (Singapore)<\/strong><\/p>\n<p>AAVS Pte Ltd<br \/>\n18 Mandai Estate,<br \/>\n#04-02,<br \/>\nMulti-Wide Industrial Building,<br \/>\nSingapore 729910<\/p>\n<p><strong>EPI UPS (Malaysia)<\/strong><\/p>\n<p>EPI Power System (Malaysia) Sdn Bhd<br \/>\n23-2-A8 2nd Floor<br \/>\nJalan Wangsa Delima 5, Seksyen 5,<br \/>\nWangsa Maju, 53300 Kuala Lumpur, Malaysia<\/p>\n<p><strong>EPI UPS (Indonesia)<\/strong><\/p>\n<p>Solusi Daya Teknologi<br \/>\nGraha Mustika Ratu Lt. 7 Suite 717 ,<br \/>\nJl. Gatot Subroto Kav. 74-75,<br \/>\nJakarta Selatan, Indonesia<\/p>\n<p><strong>EPI UPS (Vietnam)<\/strong><br \/>\nVinastar Electric Engineering Company Limited<\/p>\n<p>No. 87\/11B Huynh Khuong An St, Ward 5,<br \/>\nGo Vap Dist, Ho Chi Minh City,<br \/>\nVietnam<\/p>\n<p><strong>EPI UPS (Philippines)<\/strong><\/p>\n<p>Times Plaza Building,<br \/>\nUnited Nations Avenue corner Taft Avenue,Ermita,<br \/>\nManila, 1000,Philippines\t\t\t\t\t<\/div>\n\n\t\t\n\t\t<div class=\"wd-tab-content\">\n\t\t\t\t\t\t\t<\/p>\n<p><strong>Bangladesh<\/strong><\/p>\n<p>EPI UPS (Bangladesh) Ltd &amp; EPI Power System (Bangladesh) Ltd<br \/>\nHouse- 597, Level, 4,, Road-09,<br \/>\nMirpur DOHS,<br \/>\nDhaka-1216<br \/>\nBangladesh<\/p>\n<p><strong>EPI (Bhutan)<\/strong><br \/>\n<strong>M\/s Dhengsang Thruelrig<\/strong><\/p>\n<p>Olakha, Thimphu<br \/>\nBhutan<\/p>\n<p><strong>EPI UPS (India)<\/strong><\/p>\n<p>EPI UPS (New Delhi) Sales Office<br \/>\n2nd Floor, KLJ Tower North,<br \/>\nB-5, District Centre, Netaji Subash Place,<br \/>\nWazirpur, New Delhi, 110034<\/p>\n<p><strong>EPI UPS (India)<\/strong><\/p>\n<p>EPI UPS (Chennai) Sales Office<br \/>\n455, Block No. 75,<br \/>\n7th Floor, Amarasri Building,<br \/>\nAnna Salai, Teynampet, Chennai \u2013 600018<\/p>\n<p><strong>EPI UPS (India)<\/strong><\/p>\n<p>EPI UPS (Hyderabad) Sales Office<br \/>\nPlot No. 14\/46,<br \/>\nIDA Uppal Habsiguda,<br \/>\nHyderabad, Telangana 500039, India<\/p>\n<p><strong>EPI UPS (Sri Lanka)<\/strong><\/p>\n<p>Base HP (Pvt) Ltd<br \/>\n416, Thimbirigasyaya Road, Colombo 05, Sri Lanka.<\/p>\n<p>Lead Power Solutions (Pvt) LTD<br \/>\n36\/53, Edmonton Road,<br \/>\nColombo 05.<br \/>\nSri Lanka<\/p>\n<p><strong>EPI UPS (Pakistan)<\/strong><\/p>\n<p>SARSATech Industrial Solutions<br \/>\n#S3, 2nd Floor, Plot #35, Syed Heights, Bahria<br \/>\nSquare Commercial Phase 7, Islamabad, Pakistan\t\t\t\t\t<\/div>\n\n\t\t\n\t\t<div class=\"wd-tab-content\">\n\t\t\t\t\t\t\t<\/p>\n<p><strong>EPI UPS (Bahrain)<\/strong><\/p>\n<p>Astral Technologies,<br \/>\n16AL Taweela Centre,<br \/>\nJuffair,<br \/>\nManama,<br \/>\nKingdom of Bahrain<\/p>\n<p><strong>EPI UPS (Iran)<\/strong><\/p>\n<p>Behin Nirou Mobadel,<br \/>\n#1, 3rd floor, number 856,<br \/>\nSatarkhan Street,<br \/>\nTehran,<\/p>\n<p><strong>EPI UPS (U.A.E.)<\/strong><\/p>\n<p>Gulf Computer Support Systems LLC,<br \/>\nP.O.Box 44268,<br \/>\nAbu Dhabi<br \/>\nUAE<\/p>\n<p>ALGHANEM Industrial Services Groups<br \/>\nP.O Box 7109,<br \/>\nAmman 11118<br \/>\nJordan<\/p>\n<p><strong>EPI (Saudi Arabia)<\/strong><\/p>\n<p>NUB Technology Global Trading Company (NUBTECH)<br \/>\n2nd Floor, Office 207,<br \/>\nAaram Building Tariq Bin Ziyad Road,<br \/>\nAl Khobar,<br \/>\n31952 Saudi Arabi\t\t\t\t\t<\/div>\n\n\t\t\n\t\t<div class=\"wd-tab-content\">\n\t\t\t\t\t\t\t<\/p>\n<p><strong>JHL Energia Chile S.A.<\/strong><\/p>\n<p>San Pablo 2665,<br \/>\nSantiago de Chile,<br \/>\nSouth America<\/p>\n<p><strong>Equipamientos JM Sac<\/strong><\/p>\n<p>Ruben de la Cruz Huarcaya 112 \u2013 Int 102,<br \/>\nMiraflores, Lima,<br \/>\nPer\u00fa<\/p>\n<p><strong>EPI UPS (Colombia)<\/strong><\/p>\n<p>Carrera 7 No. 156 \u2013 10<br \/>\nEdificio Torre Krystal<br \/>\nBogot\u00e1,<br \/>\nColombia\t\t\t\t\t<\/div>\n\n\t\t\n\t\t<div class=\"wd-tab-content\">\n\t\t\t\t\t\t\t<\/p>\n<p><strong>Alpha Power Systems Pty Ltd<\/strong><\/p>\n<p>Unit 18, 30 Heathcote Road,<br \/>\nMoorebank NSW 2170,<br \/>\nAustralia\t\t\t\t\t<\/div>\n\n\t\t\n\t\t<div class=\"wd-tab-content\">\n\t\t\t\t\t\t\t<\/p>\n<p><strong>EPI UPS (United Kingdom)<\/strong><br \/>\n<strong>Power Continuity Systems<\/strong><\/p>\n<p>81 Spinney Hill,<br \/>\nMelbourne,<br \/>\nDerby DE73 8LX<br \/>\nUnited Kingdom<\/p>\n<p><strong>EPI UPS (Poland)<\/strong><br \/>\n<strong>INVENTPOWER SP Z O O<\/strong><\/p>\n<p>Ul. Sokolowska 57,<br \/>\n05-806 Sokolow,<br \/>\nPoland (NIP 1231270007)<\/p>\n<p><strong>Tom\u00e1\u0161 Tom\u00e1nek<\/strong><br \/>\nTich\u00e1 139, 742 74,<br \/>\nTich\u00e1<br \/>\nCzechia\t\t\t\t\t<\/div>\n\n\t\t\n\t\t<div class=\"wd-tab-content\">\n\t\t\t\t\t\t\t<\/p>\n<p><strong>EPI (Azerbaijan, Kazakhstan, Kyrgyzstan, Russia, Tajikistan, Turkmenistan, Uzbekistan)<\/strong><\/p>\n<p>ReFortis\u00bb FZ-LLC,<br \/>\nFDRK3504, Compass Building,<br \/>\nAl Shohada Road, AL Hamra Industrial Zone-FZ,<br \/>\nRas Al Khaimah, UAE\t\t\t\t\t<\/div>\n\n\t\t\t\t\t<\/div>\n\t\t<\/div>\n\n\t\t[\/vc_column][\/vc_row][vc_row css=&#8221;.vc_custom_1736946146363{padding-top: 30px !important;padding-bottom: 40px !important;}&#8221; woodmart_css_id=&#8221;6787b1cd96d63&#8243; responsive_spacing=&#8221;eyJwYXJhbV90eXBlIjoid29vZG1hcnRfcmVzcG9uc2l2ZV9zcGFjaW5nIiwic2VsZWN0b3JfaWQiOiI2Nzg3YjFjZDk2ZDYzIiwic2hvcnRjb2RlIjoidmNfcm93IiwiZGF0YSI6eyJ0YWJsZXQiOnt9LCJtb2JpbGUiOnt9fX0=&#8221; mobile_bg_img_hidden=&#8221;no&#8221; tablet_bg_img_hidden=&#8221;no&#8221; woodmart_parallax=&#8221;0&#8243; woodmart_gradient_switch=&#8221;no&#8221; woodmart_box_shadow=&#8221;no&#8221; wd_z_index=&#8221;no&#8221; woodmart_disable_overflow=&#8221;0&#8243; row_reverse_mobile=&#8221;0&#8243; row_reverse_tablet=&#8221;0&#8243;][vc_column css_animation=&#8221;fadeInLeft&#8221; woodmart_css_id=&#8221;678cfd43c2ee1&#8243; parallax_scroll=&#8221;no&#8221; woodmart_sticky_column=&#8221;false&#8221; wd_collapsible_content_switcher=&#8221;no&#8221; wd_column_role_offcanvas_desktop=&#8221;no&#8221; wd_column_role_offcanvas_tablet=&#8221;no&#8221; wd_column_role_offcanvas_mobile=&#8221;no&#8221; wd_column_role_content_desktop=&#8221;no&#8221; wd_column_role_content_tablet=&#8221;no&#8221; wd_column_role_content_mobile=&#8221;no&#8221; mobile_bg_img_hidden=&#8221;no&#8221; tablet_bg_img_hidden=&#8221;no&#8221; woodmart_parallax=&#8221;0&#8243; woodmart_box_shadow=&#8221;no&#8221; responsive_spacing=&#8221;eyJwYXJhbV90eXBlIjoid29vZG1hcnRfcmVzcG9uc2l2ZV9zcGFjaW5nIiwic2VsZWN0b3JfaWQiOiI2NzhjZmQ0M2MyZWUxIiwic2hvcnRjb2RlIjoidmNfY29sdW1uIiwiZGF0YSI6eyJ0YWJsZXQiOnt9LCJtb2JpbGUiOnt9fX0=&#8221; mobile_reset_margin=&#8221;no&#8221; tablet_reset_margin=&#8221;no&#8221; wd_z_index=&#8221;no&#8221;]\n\t\t<div id=\"wd-679224a9ab5c0\" class=\"title-wrapper wd-wpb set-mb-s reset-last-child  wd-rs-679224a9ab5c0 wd-title-color-default wd-title-style-default text-left  wd-underline-colored\">\n\t\t\t\n\t\t\t<div class=\"liner-continer\">\n\t\t\t\t<h4 class=\"woodmart-title-container title  wd-font-weight- wd-fontsize-l\" >Bizimle \u0130leti\u015fime Ge\u00e7in<\/h4>\n\t\t\t\t\t\t\t<\/div>\n\t\t\t\n\t\t\t\n\t\t\t\n\t\t<\/div>\n\t\t\n\t\t\n<div class=\"wpcf7 no-js\" id=\"wpcf7-f1938-o1\" lang=\"en-US\" dir=\"ltr\" data-wpcf7-id=\"1938\">\n<div class=\"screen-reader-response\"><p role=\"status\" aria-live=\"polite\" aria-atomic=\"true\"><\/p> <ul><\/ul><\/div>\n<form action=\"\/tr\/wp-json\/wp\/v2\/pages\/10198#wpcf7-f1938-o1\" method=\"post\" class=\"wpcf7-form init\" aria-label=\"Contact form\" novalidate=\"novalidate\" data-status=\"init\">\n<div style=\"display: none;\">\n<input type=\"hidden\" name=\"_wpcf7\" value=\"1938\" \/>\n<input type=\"hidden\" name=\"_wpcf7_version\" value=\"6.0.2\" \/>\n<input type=\"hidden\" name=\"_wpcf7_locale\" value=\"en_US\" \/>\n<input type=\"hidden\" name=\"_wpcf7_unit_tag\" value=\"wpcf7-f1938-o1\" \/>\n<input type=\"hidden\" name=\"_wpcf7_container_post\" value=\"0\" \/>\n<input type=\"hidden\" name=\"_wpcf7_posted_data_hash\" value=\"\" \/>\n<\/div>\n<div class=\"row\">\n\t<p class=\"col-md-6\"><label>Your Name<\/label><span class=\"wpcf7-form-control-wrap\" data-name=\"your-name\"><input size=\"40\" maxlength=\"400\" class=\"wpcf7-form-control wpcf7-text wpcf7-validates-as-required\" aria-required=\"true\" aria-invalid=\"false\" value=\"\" type=\"text\" name=\"your-name\" \/><\/span>\n\t<\/p>\n\t<p class=\"col-md-6\"><label>Your Email<\/label><span class=\"wpcf7-form-control-wrap\" data-name=\"your-email\"><input size=\"40\" maxlength=\"400\" class=\"wpcf7-form-control wpcf7-email wpcf7-validates-as-required wpcf7-text wpcf7-validates-as-email\" aria-required=\"true\" aria-invalid=\"false\" value=\"\" type=\"email\" name=\"your-email\" \/><\/span>\n\t<\/p>\n<\/div>\n<div class=\"row\">\n\t<p class=\"col-md-6\"><label>Phone Number<\/label><span class=\"wpcf7-form-control-wrap\" data-name=\"tel-767\"><input size=\"40\" maxlength=\"400\" class=\"wpcf7-form-control wpcf7-tel wpcf7-text wpcf7-validates-as-tel\" aria-invalid=\"false\" value=\"\" type=\"tel\" name=\"tel-767\" \/><\/span>\n\t<\/p>\n\t<p class=\"col-md-6\"><label>Company<\/label><span class=\"wpcf7-form-control-wrap\" data-name=\"text-1\"><input size=\"40\" maxlength=\"400\" class=\"wpcf7-form-control wpcf7-text\" aria-invalid=\"false\" value=\"\" type=\"text\" name=\"text-1\" \/><\/span>\n\t<\/p>\n<\/div>\n<p><label>Your Message<\/label><span class=\"wpcf7-form-control-wrap\" data-name=\"your-message\"><textarea cols=\"40\" rows=\"10\" maxlength=\"2000\" class=\"wpcf7-form-control wpcf7-textarea\" aria-invalid=\"false\" name=\"your-message\"><\/textarea><\/span>\n<\/p>\n<p><input class=\"wpcf7-form-control wpcf7-submit has-spinner btn-color-black\" type=\"submit\" value=\"ASK A QUESTION\" \/>\n<\/p><div class=\"wpcf7-response-output\" aria-hidden=\"true\"><\/div>\n<\/form>\n<\/div>\n[\/vc_column][\/vc_row][vc_row full_width=&#8221;stretch_row_content_no_spaces&#8221; css_animation=&#8221;none&#8221; css=&#8221;.vc_custom_1635871490467{margin-top: -40px !important;margin-bottom: 80px !important;}&#8221; woodmart_css_id=&#8221;61816afa77f62&#8243; responsive_spacing=&#8221;eyJwYXJhbV90eXBlIjoid29vZG1hcnRfcmVzcG9uc2l2ZV9zcGFjaW5nIiwic2VsZWN0b3JfaWQiOiI2MTgxNmFmYTc3ZjYyIiwic2hvcnRjb2RlIjoidmNfcm93IiwiZGF0YSI6eyJ0YWJsZXQiOnsibWFyZ2luLWJvdHRvbSI6IjYwIn0sIm1vYmlsZSI6e319fQ==&#8221; mobile_bg_img_hidden=&#8221;no&#8221; tablet_bg_img_hidden=&#8221;no&#8221; woodmart_parallax=&#8221;0&#8243; woodmart_gradient_switch=&#8221;no&#8221; woodmart_box_shadow=&#8221;no&#8221; wd_z_index=&#8221;no&#8221; woodmart_disable_overflow=&#8221;0&#8243; row_reverse_mobile=&#8221;0&#8243; row_reverse_tablet=&#8221;0&#8243;][vc_column css_animation=&#8221;fadeInUp&#8221; woodmart_css_id=&#8221;678cfd52af475&#8243; parallax_scroll=&#8221;no&#8221; woodmart_sticky_column=&#8221;false&#8221; wd_collapsible_content_switcher=&#8221;no&#8221; wd_column_role_offcanvas_desktop=&#8221;no&#8221; wd_column_role_offcanvas_tablet=&#8221;no&#8221; wd_column_role_offcanvas_mobile=&#8221;no&#8221; wd_column_role_content_desktop=&#8221;no&#8221; wd_column_role_content_tablet=&#8221;no&#8221; wd_column_role_content_mobile=&#8221;no&#8221; mobile_bg_img_hidden=&#8221;no&#8221; tablet_bg_img_hidden=&#8221;no&#8221; woodmart_parallax=&#8221;0&#8243; woodmart_box_shadow=&#8221;no&#8221; responsive_spacing=&#8221;eyJwYXJhbV90eXBlIjoid29vZG1hcnRfcmVzcG9uc2l2ZV9zcGFjaW5nIiwic2VsZWN0b3JfaWQiOiI2NzhjZmQ1MmFmNDc1Iiwic2hvcnRjb2RlIjoidmNfY29sdW1uIiwiZGF0YSI6eyJ0YWJsZXQiOnt9LCJtb2JpbGUiOnt9fX0=&#8221; mobile_reset_margin=&#8221;no&#8221; tablet_reset_margin=&#8221;no&#8221; wd_z_index=&#8221;no&#8221;]\t\t\t<div class=\"google-map-container wd-map-container   map-container-with-content wd-rs-6787b29e77fd7\"  data-map-args='{\"multiple_markers\":\"no\",\"latitude\":\"1.318754\",\"longitude\":\"103.892591\",\"zoom\":\"15\",\"mouse_zoom\":\"no\",\"init_type\":\"page_load\",\"init_offset\":\"100\",\"elementor\":false,\"json_style\":\"[{\\\"featureType\\\":\\\"landscape.man_made\\\",\\\"elementType\\\":\\\"all\\\",\\\"stylers\\\":[{\\\"color\\\":\\\"#faf5ed\\\"},{\\\"lightness\\\":\\\"0\\\"},{\\\"gamma\\\":\\\"1\\\"}]},{\\\"featureType\\\":\\\"poi.park\\\",\\\"elementType\\\":\\\"geometry.fill\\\",\\\"stylers\\\":[{\\\"color\\\":\\\"#bae5a6\\\"}]},{\\\"featureType\\\":\\\"road\\\",\\\"elementType\\\":\\\"all\\\",\\\"stylers\\\":[{\\\"weight\\\":\\\"1.00\\\"},{\\\"gamma\\\":\\\"1.8\\\"},{\\\"saturation\\\":\\\"0\\\"}]},{\\\"featureType\\\":\\\"road\\\",\\\"elementType\\\":\\\"geometry.fill\\\",\\\"stylers\\\":[{\\\"hue\\\":\\\"#ffb200\\\"}]},{\\\"featureType\\\":\\\"road.arterial\\\",\\\"elementType\\\":\\\"geometry.fill\\\",\\\"stylers\\\":[{\\\"lightness\\\":\\\"0\\\"},{\\\"gamma\\\":\\\"1\\\"}]},{\\\"featureType\\\":\\\"transit.station.airport\\\",\\\"elementType\\\":\\\"all\\\",\\\"stylers\\\":[{\\\"hue\\\":\\\"#b000ff\\\"},{\\\"saturation\\\":\\\"23\\\"},{\\\"lightness\\\":\\\"-4\\\"},{\\\"gamma\\\":\\\"0.80\\\"}]},{\\\"featureType\\\":\\\"water\\\",\\\"elementType\\\":\\\"all\\\",\\\"stylers\\\":[{\\\"color\\\":\\\"#a0daf2\\\"}]}]\",\"marker_icon\":\"https:\\\/\\\/epi-ups.com.tr\\\/wp-content\\\/themes\\\/woodmart\\\/inc\\\/admin\\\/assets\\\/images\\\/google-icon.png\",\"marker_icon_size\":\"\",\"marker_text_needed\":\"no\",\"marker_text\":\"<h3 style=\\\"min-width:300px; text-align:center; margin:15px;\\\"><\\\/h3>\",\"selector\":\"wd-map-id-69e470ae1d2d7\",\"markers\":\"\",\"center\":\"\"}'>\n\n\t\t\t\t\n\t\t\t\t\n\t\t\t\t<div class=\"wd-google-map-wrapper wd-map-wrapper wd-fill\">\n\t\t\t\t\t<div id=\"wd-map-id-69e470ae1d2d7\" class=\"wd-google-map without-content wd-fill\"><\/div>\n\t\t\t\t<\/div>\n\n\t\t\t\t\t\t\t\t\t<div class=\"wd-google-map-content-wrap wd-map-content-wrap container wd-items-middle wd-justify-left\">\n\t\t\t\t\t\t<div class=\"wd-google-map-content wd-map-content reset-last-child\" style=\"max-width: 340px;\">\n\t\t\t\t\t\t\t\t\t\t<div class=\"info-box-wrapper\">\n\t\t\t\t<div id=\"wd-67922511c6d61\" class=\" wd-rs-67922511c6d61 wd-info-box wd-wpb text-left box-icon-align-left box-style- color-scheme- wd-bg-none wd-items-top vc_custom_1737631034932\">\n\t\t\t\t\t\t\t\t\t\t<div class=\"info-box-content\">\n\t\t\t\t\t\t<div class=\"info-box-subtitle subtitle-color-default wd-fontsize-xs subtitle-style-default\">EPI UPS<\/div><h4 class=\"info-box-title title box-title-style-default wd-fontsize-m\">YER\u0130M\u0130Z\u0130 Z\u0130YARET ED\u0130N<br \/>\nSINGAPUR'DA<\/h4>\t\t\t\t\t\t<div class=\"info-box-inner set-cont-mb-s reset-last-child\"><p>60 Paya Lebar Road #07-54,<br \/>\nPaya Lebar Square,<br \/>\nSingapore 409051<\/p>\n<\/div>\n\n\t\t\t\t\t\t\t\t\t\t\t<\/div>\n\n\t\t\t\t\t\n\t\t\t\t\t\t\t\t\t<\/div>\n\t\t\t<\/div>\n\t\t\t\t\t\t\t\t<\/div>\n\t\t\t\t\t<\/div>\n\t\t\t\t\t\t\t<\/div>\n\t\t[\/vc_column][\/vc_row]<\/p>\n<\/div>","protected":false},"excerpt":{"rendered":"<p>[vc_row][vc_column][\/vc_column][\/vc_row][vc_row css=&#8221;.vc_custom_1736946146363{padding-top: 30px !important;padding-bottom: 40px !important;}&#8221; woodmart_css_id=&#8221;6787b1cd96d63&#8243; responsive_spacing=&#8221;eyJwYXJhbV90eXBlIjoid29vZG1hcnRfcmVzcG9uc2l2ZV9zcGFjaW5nIiwic2VsZWN0b3JfaWQiOiI2Nzg3YjFjZDk2ZDYzIiwic2hvcnRjb2RlIjoidmNfcm93IiwiZGF0YSI6eyJ0YWJsZXQiOnt9LCJtb2JpbGUiOnt9fX0=&#8221; mobile_bg_img_hidden=&#8221;no&#8221; tablet_bg_img_hidden=&#8221;no&#8221; woodmart_parallax=&#8221;0&#8243; woodmart_gradient_switch=&#8221;no&#8221; woodmart_box_shadow=&#8221;no&#8221; wd_z_index=&#8221;no&#8221; woodmart_disable_overflow=&#8221;0&#8243; row_reverse_mobile=&#8221;0&#8243; row_reverse_tablet=&#8221;0&#8243;][vc_column css_animation=&#8221;fadeInLeft&#8221; woodmart_css_id=&#8221;678cfd43c2ee1&#8243; parallax_scroll=&#8221;no&#8221;<\/p>\n","protected":false},"author":1,"featured_media":0,"parent":0,"menu_order":0,"comment_status":"closed","ping_status":"closed","template":"","meta":{"footnotes":""},"class_list":["post-10198","page","type-page","status-publish","hentry"],"_links":{"self":[{"href":"https:\/\/epi-ups.com.tr\/tr\/wp-json\/wp\/v2\/pages\/10198","targetHints":{"allow":["GET"]}}],"collection":[{"href":"https:\/\/epi-ups.com.tr\/tr\/wp-json\/wp\/v2\/pages"}],"about":[{"href":"https:\/\/epi-ups.com.tr\/tr\/wp-json\/wp\/v2\/types\/page"}],"author":[{"embeddable":true,"href":"https:\/\/epi-ups.com.tr\/tr\/wp-json\/wp\/v2\/users\/1"}],"replies":[{"embeddable":true,"href":"https:\/\/epi-ups.com.tr\/tr\/wp-json\/wp\/v2\/comments?post=10198"}],"version-history":[{"count":5,"href":"https:\/\/epi-ups.com.tr\/tr\/wp-json\/wp\/v2\/pages\/10198\/revisions"}],"predecessor-version":[{"id":10616,"href":"https:\/\/epi-ups.com.tr\/tr\/wp-json\/wp\/v2\/pages\/10198\/revisions\/10616"}],"wp:attachment":[{"href":"https:\/\/epi-ups.com.tr\/tr\/wp-json\/wp\/v2\/media?parent=10198"}],"curies":[{"name":"wp","href":"https:\/\/api.w.org\/{rel}","templated":true}]}}