{"id":10197,"date":"2021-08-25T07:26:28","date_gmt":"2021-08-25T07:26:28","guid":{"rendered":"https:\/\/epi-ups.com.tr\/hakkimizda\/"},"modified":"2025-01-23T11:16:11","modified_gmt":"2025-01-23T11:16:11","slug":"hakkimizda","status":"publish","type":"page","link":"https:\/\/epi-ups.com.tr\/tr\/hakkimizda\/","title":{"rendered":"Hakk\u0131m\u0131zda"},"content":{"rendered":"<div class=\"wpb-content-wrapper\"><p>[vc_row css=&#8221;.vc_custom_1629877038080{margin-bottom: 40px !important;}&#8221; mobile_bg_img_hidden=&#8221;no&#8221; tablet_bg_img_hidden=&#8221;no&#8221; woodmart_parallax=&#8221;0&#8243; woodmart_gradient_switch=&#8221;no&#8221; row_reverse_mobile=&#8221;1&#8243; row_reverse_tablet=&#8221;1&#8243; woodmart_disable_overflow=&#8221;0&#8243; wd_z_index=&#8221;no&#8221; woodmart_css_id=&#8221;6125f32826e3d&#8221; responsive_spacing=&#8221;eyJwYXJhbV90eXBlIjoid29vZG1hcnRfcmVzcG9uc2l2ZV9zcGFjaW5nIiwic2VsZWN0b3JfaWQiOiI2MTI1ZjMyODI2ZTNkIiwic2hvcnRjb2RlIjoidmNfcm93IiwiZGF0YSI6eyJ0YWJsZXQiOnt9LCJtb2JpbGUiOnsibWFyZ2luLWJvdHRvbSI6IjIwIn19fQ==&#8221;][vc_column]\n\t\t<div id=\"wd-678cfd6b861fd\" class=\"title-wrapper wd-wpb set-mb-s reset-last-child  wd-rs-678cfd6b861fd wd-title-color-primary wd-title-style-default text-left wd-off-anim wpb_animate_when_almost_visible wpb_fadeInLeft fadeInLeft wd-anim-name_fadeInLeft vc_custom_1737293182196 wd-underline-colored\">\n\t\t\t\t\t\t\t<div class=\"title-subtitle  subtitle-color-primary font-default subtitle-style-default wd-font-weight-600 wd-fontsize-xs\">The Company<\/div>\n\t\t\t\n\t\t\t<div class=\"liner-continer\">\n\t\t\t\t<h4 class=\"woodmart-title-container title  wd-font-weight- wd-fontsize-xxl\" >EPI UPS<\/h4>\n\t\t\t\t\t\t\t<\/div>\n\t\t\t\n\t\t\t\n\t\t\t\n\t\t<\/div>\n\t\t\n\t\t[\/vc_column][vc_column css_animation=&#8221;fadeInLeft&#8221; width=&#8221;1\/2&#8243; css=&#8221;.vc_custom_1737293188899{margin-bottom: 40px !important;padding-top: 0px !important;}&#8221; mobile_bg_img_hidden=&#8221;no&#8221; tablet_bg_img_hidden=&#8221;no&#8221; woodmart_parallax=&#8221;0&#8243; woodmart_sticky_column=&#8221;false&#8221; parallax_scroll=&#8221;no&#8221; mobile_reset_margin=&#8221;no&#8221; tablet_reset_margin=&#8221;no&#8221; offset=&#8221;vc_col-lg-6 vc_col-md-6&#8243; wd_z_index=&#8221;no&#8221; woodmart_css_id=&#8221;678cfd73465aa&#8221; responsive_spacing=&#8221;eyJwYXJhbV90eXBlIjoid29vZG1hcnRfcmVzcG9uc2l2ZV9zcGFjaW5nIiwic2VsZWN0b3JfaWQiOiI2NzhjZmQ3MzQ2NWFhIiwic2hvcnRjb2RlIjoidmNfY29sdW1uIiwiZGF0YSI6eyJ0YWJsZXQiOnt9LCJtb2JpbGUiOnt9fX0=&#8221; wd_collapsible_content_switcher=&#8221;no&#8221; wd_column_role_offcanvas_desktop=&#8221;no&#8221; wd_column_role_offcanvas_tablet=&#8221;no&#8221; wd_column_role_offcanvas_mobile=&#8221;no&#8221; wd_column_role_content_desktop=&#8221;no&#8221; wd_column_role_content_tablet=&#8221;no&#8221; wd_column_role_content_mobile=&#8221;no&#8221; woodmart_box_shadow=&#8221;no&#8221;]\t\t<div id=\"wd-679224ad5bdcb\" class=\"wd-text-block wd-wpb reset-last-child wd-rs-679224ad5bdcb text-left wd-width-enabled wd-fontsize-s vc_custom_1737630919788\" style=\"--wd-max-width: 90%;\">\n\t\t\t<p>D\u00fcnya \u00e7ap\u0131nda ofisleri bulunan EPI UPS, geni\u015f bir yelpazede veri merkezi altyap\u0131 hizmetleri sunan \u0130ngiliz men\u015feli bir \u015firkettir.<\/p>\n<p>EPI UPS, \u0130talya&#8217;da fabrikalar\u0131 bulunan bir kesintisiz g\u00fc\u00e7 kaynaklar\u0131 (UPS), Statik Transfer Anahtar\u0131 (STS) ve ak\u00fc \u00fcreticisidir. Son 20 y\u0131l i\u00e7inde, \u0130talya&#8217;da evde yeti\u015ftirilen bir \u00fcreticiden, Avrupa, Asya-Pasifik, G\u00fcney Asya, Orta Do\u011fu ve G\u00fcney Amerika&#8217;da 20 \u00fclkede ofisleri bulunan d\u00fcnya \u00e7ap\u0131nda bir \u015firkete d\u00f6n\u00fc\u015fm\u00fc\u015ft\u00fcr.<\/p>\n<p>EPI-UPS SYSTEMS, basit bir masa\u00fcst\u00fc bilgisayardan b\u00fcy\u00fck bir \u0130nternet Veri Merkezine veya end\u00fcstriyel \u00fcretim tesisine kadar g\u00f6rev a\u00e7\u0131s\u0131ndan kritik uygulamalar\u0131n veya s\u00fcre\u00e7lerin kullan\u0131labilirli\u011fini ve \u00e7al\u0131\u015fma s\u00fcresini art\u0131rmak i\u00e7in tasarlanm\u0131\u015f k\u00fcresel bir g\u00fc\u00e7 kalitesi \u00e7\u00f6z\u00fcmleri sa\u011flay\u0131c\u0131s\u0131d\u0131r.<\/p>\n<p>EPI UPS, her y\u0131l son kullan\u0131c\u0131lar ve di\u011fer elektronik ve elektrikli ekipman \u00fcreticileri ile i\u015fbirli\u011fi i\u00e7inde yeni sistemlerin tasarland\u0131\u011f\u0131 ara\u015ft\u0131rma ve geli\u015ftirme laboratuvarlar\u0131na yat\u0131r\u0131m yapmaktad\u0131r. Ayr\u0131ca yap\u0131m\u0131z\u0131n ve sat\u0131\u015f departman\u0131m\u0131z\u0131n geli\u015fimi, y\u0131llar i\u00e7inde elde edilen deneyimin peki\u015ftirilmesine katk\u0131da bulunmu\u015ftur.<\/p>\n<p>Tek veya paralel konfig\u00fcrasyonlu (6MVA&#8217;ya kadar) geni\u015f \u00fcr\u00fcn yelpazesi (1.000kVA&#8217;ya kadar) farkl\u0131 taleplerin \u00e7o\u011funu kar\u015f\u0131layabilir. EPI UPS kalifiye teknisyenleri, y\u00fcksek teknolojili bir pazarda rekabet edebilmek i\u00e7in gerekli olan sat\u0131\u015f \u00f6ncesi ve sonras\u0131 t\u00fcm teknik deste\u011fi verebilir.EPI UPS, geli\u015fmi\u015f sistemler kullanarak \u00fcr\u00fcnlerinin en k\u0131s\u0131tlay\u0131c\u0131 Avrupa standartlar\u0131na uygunlu\u011funu garanti eder.<\/p>\n\t\t<\/div>\n\t\t[\/vc_column][vc_column css_animation=&#8221;fadeInRight&#8221; width=&#8221;1\/2&#8243; woodmart_css_id=&#8221;678cfd7a32c57&#8243; parallax_scroll=&#8221;no&#8221; woodmart_sticky_column=&#8221;false&#8221; wd_collapsible_content_switcher=&#8221;no&#8221; wd_column_role_offcanvas_desktop=&#8221;no&#8221; wd_column_role_offcanvas_tablet=&#8221;no&#8221; wd_column_role_offcanvas_mobile=&#8221;no&#8221; wd_column_role_content_desktop=&#8221;no&#8221; wd_column_role_content_tablet=&#8221;no&#8221; wd_column_role_content_mobile=&#8221;no&#8221; mobile_bg_img_hidden=&#8221;no&#8221; tablet_bg_img_hidden=&#8221;no&#8221; woodmart_parallax=&#8221;0&#8243; woodmart_box_shadow=&#8221;no&#8221; responsive_spacing=&#8221;eyJwYXJhbV90eXBlIjoid29vZG1hcnRfcmVzcG9uc2l2ZV9zcGFjaW5nIiwic2VsZWN0b3JfaWQiOiI2NzhjZmQ3YTMyYzU3Iiwic2hvcnRjb2RlIjoidmNfY29sdW1uIiwiZGF0YSI6eyJ0YWJsZXQiOnt9LCJtb2JpbGUiOnt9fX0=&#8221; mobile_reset_margin=&#8221;no&#8221; tablet_reset_margin=&#8221;no&#8221; wd_z_index=&#8221;no&#8221;]\t\t<div id=\"wd-679224b981c10\" class=\"wd-text-block wd-wpb reset-last-child wd-rs-679224b981c10 text-left wd-width-enabled wd-fontsize-s vc_custom_1737630930936\" style=\"--wd-max-width: 90%;\">\n\t\t\t<p>EPI UPS, k\u00fcresel pazar i\u00e7in m\u00fc\u015fteri odakl\u0131 g\u00fc\u00e7 \u00e7\u00f6z\u00fcmlerinin \u00f6nde gelen sa\u011flay\u0131c\u0131lar\u0131ndan biridir. H\u0131z belirleyen teknolojiler, son derece g\u00fcvenilir UPS sistemleri ve hizmet uzmanlar\u0131, EPI UPS&#8217;i m\u00fc\u015fterilerinin ba\u015far\u0131s\u0131 i\u00e7in sonsuz olanaklar sunan kapsaml\u0131 \u00e7\u00f6z\u00fcmler sunmak \u00fczere benzersiz bir \u015fekilde konumland\u0131rmaktad\u0131r.<\/p>\n<p>Derinli\u011fimiz, beklentilerin \u00f6tesine ge\u00e7en \u00e7\u00f6z\u00fcmleri g\u00fcvenle sunmam\u0131z\u0131 sa\u011fl\u0131yor. UPS sistemi i\u00e7in mevcut en son teknolojiyi kullanarak esnek ve uygun maliyetli \u00e7\u00f6z\u00fcmler sunar. EPI UPS, s\u00fcrekli olarak y\u00fcksek kalite ve g\u00fcvenilirlikte g\u00fc\u00e7 \u00e7\u00f6z\u00fcmleri sunarak k\u00fcresel m\u00fc\u015fterilerinin takdirini kazanm\u0131\u015ft\u0131r. M\u00fc\u015fterilerin ba\u015far\u0131s\u0131n\u0131 kendi ba\u015far\u0131lar\u0131 haline getirme arzusuyla birle\u015fmi\u015f, kendini i\u015fine adam\u0131\u015f ve motive olmu\u015f bir i\u015fg\u00fcc\u00fcyle, h\u0131zl\u0131 m\u00fc\u015fteri memnuniyeti sa\u011flamak i\u00e7in teslimat s\u00fcreleri s\u00fcrekli olarak y\u00f6netilmekte ve iyile\u015ftirilmektedir. EPI UPS bug\u00fcn, m\u00fc\u015fterilerine her zamankinden daha y\u00fcksek hizmet ve kalite seviyeleri sunmak ve onlar\u0131n tercih etti\u011fi \u00f6nc\u00fc geli\u015fmi\u015f UPS sistemi olmak i\u00e7in \u00e7aba g\u00f6stermeye ve yenilikler yapmaya devam etmektedir. EPI UPS m\u00fc\u015fterileri ile iyi ili\u015fkiler s\u00fcrd\u00fcrmektedir. \u00d6zellikle m\u00fc\u015fterinin ihtiya\u00e7 ve beklentilerini kar\u015f\u0131layarak en iyi m\u00fc\u015fteri hizmetini hedefler.<\/p>\n<p>EPI UPS&#8217;in g\u00fcc\u00fc, enerji sekt\u00f6r\u00fcndeki en \u00f6nemli k\u00fcresel tedarik\u00e7ilerin bir\u00e7o\u011fu ile uzun vadeli sa\u011flam bir ili\u015fkiye dayanmaktad\u0131r. \u0130\u015f y\u00fcr\u00fctmede profesyonel bir yakla\u015f\u0131m, EPI UPS&#8217;in ortaklar\u0131yla kar\u015f\u0131l\u0131kl\u0131 olarak de\u011ferli ili\u015fkiler kurmas\u0131n\u0131 sa\u011flam\u0131\u015ft\u0131r.<\/p>\n\t\t<\/div>\n\t\t[\/vc_column][\/vc_row][vc_row css=&#8221;.vc_custom_1629877038080{margin-bottom: 40px !important;}&#8221; mobile_bg_img_hidden=&#8221;no&#8221; tablet_bg_img_hidden=&#8221;no&#8221; woodmart_parallax=&#8221;0&#8243; woodmart_gradient_switch=&#8221;no&#8221; row_reverse_mobile=&#8221;1&#8243; row_reverse_tablet=&#8221;1&#8243; woodmart_disable_overflow=&#8221;0&#8243; wd_z_index=&#8221;no&#8221; woodmart_css_id=&#8221;6125f32826e3d&#8221; responsive_spacing=&#8221;eyJwYXJhbV90eXBlIjoid29vZG1hcnRfcmVzcG9uc2l2ZV9zcGFjaW5nIiwic2VsZWN0b3JfaWQiOiI2MTI1ZjMyODI2ZTNkIiwic2hvcnRjb2RlIjoidmNfcm93IiwiZGF0YSI6eyJ0YWJsZXQiOnt9LCJtb2JpbGUiOnsibWFyZ2luLWJvdHRvbSI6IjIwIn19fQ==&#8221;][vc_column css_animation=&#8221;fadeInLeft&#8221; width=&#8221;1\/2&#8243; css=&#8221;.vc_custom_1737293212451{margin-bottom: 40px !important;padding-top: 0px !important;}&#8221; mobile_bg_img_hidden=&#8221;no&#8221; tablet_bg_img_hidden=&#8221;no&#8221; woodmart_parallax=&#8221;0&#8243; woodmart_sticky_column=&#8221;false&#8221; parallax_scroll=&#8221;no&#8221; mobile_reset_margin=&#8221;no&#8221; tablet_reset_margin=&#8221;no&#8221; offset=&#8221;vc_col-lg-6 vc_col-md-6&#8243; wd_z_index=&#8221;no&#8221; woodmart_css_id=&#8221;678cfd8a9f69c&#8221; responsive_spacing=&#8221;eyJwYXJhbV90eXBlIjoid29vZG1hcnRfcmVzcG9uc2l2ZV9zcGFjaW5nIiwic2VsZWN0b3JfaWQiOiI2NzhjZmQ4YTlmNjljIiwic2hvcnRjb2RlIjoidmNfY29sdW1uIiwiZGF0YSI6eyJ0YWJsZXQiOnt9LCJtb2JpbGUiOnt9fX0=&#8221; wd_collapsible_content_switcher=&#8221;no&#8221; wd_column_role_offcanvas_desktop=&#8221;no&#8221; wd_column_role_offcanvas_tablet=&#8221;no&#8221; wd_column_role_offcanvas_mobile=&#8221;no&#8221; wd_column_role_content_desktop=&#8221;no&#8221; wd_column_role_content_tablet=&#8221;no&#8221; wd_column_role_content_mobile=&#8221;no&#8221; woodmart_box_shadow=&#8221;no&#8221;]\t\t<div id=\"wd-679224c4660d9\" class=\"wd-text-block wd-wpb reset-last-child wd-rs-679224c4660d9 text-left wd-width-enabled wd-fontsize-s vc_custom_1737630946145\" style=\"--wd-max-width: 90%;\">\n\t\t\t<div class=\"elementor-element elementor-element-1dcca820 elementor-widget elementor-widget-heading\" data-id=\"1dcca820\" data-element_type=\"widget\" data-widget_type=\"heading.default\">\n<div class=\"elementor-widget-container\">\n<p><strong>Kurumsal Misyon<\/strong><\/p>\n<p>S\u00fcrekli olarak yenilik\u00e7i \u00fcr\u00fcnler ve kusursuz hizmet sunarak, pazar taleplerini kar\u015f\u0131lamak i\u00e7in kendimizi proaktif olarak yeniden ke\u015ffederek, \u00fcst\u00fcn \u00fcr\u00fcnlerle m\u00fc\u015fterilere de\u011fer yaratarak, \u00e7al\u0131\u015fanlar\u0131m\u0131zda gurur ve sahiplenme duygusu geli\u015ftirerek ve bug\u00fcn oldu\u011fumuzdan her zaman daha iyi olmak i\u00e7in \u00e7abalayarak hizmet verdi\u011fimiz her pazarda tercih edilen UPS sistemi olmak&#8230; yar\u0131n.<\/p>\n<p>&nbsp;<\/p>\n<\/div>\n<\/div>\n\t\t<\/div>\n\t\t[\/vc_column][vc_column css_animation=&#8221;fadeInRight&#8221; width=&#8221;1\/2&#8243; woodmart_css_id=&#8221;678cfd91a1107&#8243; parallax_scroll=&#8221;no&#8221; woodmart_sticky_column=&#8221;false&#8221; wd_collapsible_content_switcher=&#8221;no&#8221; wd_column_role_offcanvas_desktop=&#8221;no&#8221; wd_column_role_offcanvas_tablet=&#8221;no&#8221; wd_column_role_offcanvas_mobile=&#8221;no&#8221; wd_column_role_content_desktop=&#8221;no&#8221; wd_column_role_content_tablet=&#8221;no&#8221; wd_column_role_content_mobile=&#8221;no&#8221; mobile_bg_img_hidden=&#8221;no&#8221; tablet_bg_img_hidden=&#8221;no&#8221; woodmart_parallax=&#8221;0&#8243; woodmart_box_shadow=&#8221;no&#8221; responsive_spacing=&#8221;eyJwYXJhbV90eXBlIjoid29vZG1hcnRfcmVzcG9uc2l2ZV9zcGFjaW5nIiwic2VsZWN0b3JfaWQiOiI2NzhjZmQ5MWExMTA3Iiwic2hvcnRjb2RlIjoidmNfY29sdW1uIiwiZGF0YSI6eyJ0YWJsZXQiOnt9LCJtb2JpbGUiOnt9fX0=&#8221; mobile_reset_margin=&#8221;no&#8221; tablet_reset_margin=&#8221;no&#8221; wd_z_index=&#8221;no&#8221;]\t\t<div id=\"wd-679224d3bac98\" class=\"wd-text-block wd-wpb reset-last-child wd-rs-679224d3bac98 text-left wd-width-enabled wd-fontsize-s vc_custom_1737630963889\" style=\"--wd-max-width: 90%;\">\n\t\t\t<p><strong>M\u00fc\u015fterilere Ba\u011fl\u0131l\u0131k<\/strong><\/p>\n<p>M\u00fc\u015fterilerimizin beklentilerini de\u011fer ve m\u00fc\u015fteri hizmetlerinin her y\u00f6n\u00fcyle a\u015fan \u00fcr\u00fcn ve hizmetler sunmay\u0131 ve ayn\u0131 zamanda g\u00fc\u00e7 sistemlerinin ihtiyatl\u0131 ve g\u00fcvenilir y\u00f6neticileri olmay\u0131 taahh\u00fct ediyoruz. M\u00fc\u015fterilerimize uzun vadede \u00fcst\u00fcn kaliteli \u00fcr\u00fcn sunmay\u0131 taahh\u00fct ediyoruz.<\/p>\n<p><strong>Dinamik ve Verimli Bir Organizasyona Ba\u011fl\u0131l\u0131k<\/strong><\/p>\n<p>Esnek, de\u011fi\u015fime yan\u0131t veren, yenilik\u00e7ili\u011fi ve yarat\u0131c\u0131l\u0131\u011f\u0131 te\u015fvik eden bir organizasyon olu\u015fturmaya kararl\u0131y\u0131z. Yapt\u0131\u011f\u0131m\u0131z her \u015feyde s\u00fcrekli iyile\u015ftirme s\u00fcrecine ba\u011fl\u0131y\u0131z.<\/p>\n<p><strong>\u00c7al\u0131\u015fanlara Ba\u011fl\u0131l\u0131k<\/strong><\/p>\n<p>\u00c7al\u0131\u015fanlar\u0131m\u0131z\u0131n b\u00fcy\u00fcmesi ve geli\u015fmesi konusunda kararl\u0131y\u0131z ve onlar\u0131 m\u00fckemmellik, d\u00fcr\u00fcstl\u00fck, ekip \u00e7al\u0131\u015fmas\u0131, profesyonellik ve performans\u0131n her \u015feyin \u00fczerinde tutuldu\u011fu bir ortamda yeti\u015ftirece\u011fiz.<\/p>\n\t\t<\/div>\n\t\t[\/vc_column][vc_column][\/vc_column][\/vc_row]<\/p>\n<\/div>","protected":false},"excerpt":{"rendered":"<p>[vc_row css=&#8221;.vc_custom_1629877038080{margin-bottom: 40px !important;}&#8221; mobile_bg_img_hidden=&#8221;no&#8221; tablet_bg_img_hidden=&#8221;no&#8221; woodmart_parallax=&#8221;0&#8243; woodmart_gradient_switch=&#8221;no&#8221; row_reverse_mobile=&#8221;1&#8243; row_reverse_tablet=&#8221;1&#8243; woodmart_disable_overflow=&#8221;0&#8243; wd_z_index=&#8221;no&#8221; woodmart_css_id=&#8221;6125f32826e3d&#8221; responsive_spacing=&#8221;eyJwYXJhbV90eXBlIjoid29vZG1hcnRfcmVzcG9uc2l2ZV9zcGFjaW5nIiwic2VsZWN0b3JfaWQiOiI2MTI1ZjMyODI2ZTNkIiwic2hvcnRjb2RlIjoidmNfcm93IiwiZGF0YSI6eyJ0YWJsZXQiOnt9LCJtb2JpbGUiOnsibWFyZ2luLWJvdHRvbSI6IjIwIn19fQ==&#8221;][vc_column][\/vc_column][vc_column css_animation=&#8221;fadeInLeft&#8221; width=&#8221;1\/2&#8243; css=&#8221;.vc_custom_1737293188899{margin-bottom: 40px !important;padding-top: 0px<\/p>\n","protected":false},"author":1,"featured_media":0,"parent":0,"menu_order":0,"comment_status":"closed","ping_status":"closed","template":"","meta":{"footnotes":""},"class_list":["post-10197","page","type-page","status-publish","hentry"],"_links":{"self":[{"href":"https:\/\/epi-ups.com.tr\/tr\/wp-json\/wp\/v2\/pages\/10197","targetHints":{"allow":["GET"]}}],"collection":[{"href":"https:\/\/epi-ups.com.tr\/tr\/wp-json\/wp\/v2\/pages"}],"about":[{"href":"https:\/\/epi-ups.com.tr\/tr\/wp-json\/wp\/v2\/types\/page"}],"author":[{"embeddable":true,"href":"https:\/\/epi-ups.com.tr\/tr\/wp-json\/wp\/v2\/users\/1"}],"replies":[{"embeddable":true,"href":"https:\/\/epi-ups.com.tr\/tr\/wp-json\/wp\/v2\/comments?post=10197"}],"version-history":[{"count":2,"href":"https:\/\/epi-ups.com.tr\/tr\/wp-json\/wp\/v2\/pages\/10197\/revisions"}],"predecessor-version":[{"id":10202,"href":"https:\/\/epi-ups.com.tr\/tr\/wp-json\/wp\/v2\/pages\/10197\/revisions\/10202"}],"wp:attachment":[{"href":"https:\/\/epi-ups.com.tr\/tr\/wp-json\/wp\/v2\/media?parent=10197"}],"curies":[{"name":"wp","href":"https:\/\/api.w.org\/{rel}","templated":true}]}}